{"id":17241,"date":"2024-03-15T12:03:40","date_gmt":"2024-03-15T12:03:40","guid":{"rendered":"https:\/\/marouti.ma\/?post_type=product&#038;p=17241"},"modified":"2024-12-19T16:12:04","modified_gmt":"2024-12-19T16:12:04","slug":"vasque-encastree-noir-mat","status":"publish","type":"product","link":"https:\/\/marouti.ma\/index.php\/product\/vasque-encastree-noir-mat\/","title":{"rendered":"Vasque Encastr\u00e9e Noir Mat"},"content":{"rendered":"<ul>\n<li>un <strong>lavabo rectangulaire en c\u00e9ramique<\/strong> de couleur <strong>noir mat<\/strong>. Il est pos\u00e9 sur un plan de travail blanc<\/li>\n<li>Le lavabo poss\u00e8de une forme l\u00e9g\u00e8rement incurv\u00e9e, lui donnant une allure moderne et \u00e9l\u00e9gante.<\/li>\n<li>Dimensions: 530*370*200mm<\/li>\n<\/ul>\n","protected":false},"excerpt":{"rendered":"<p>un lavabo rectangulaire en c\u00e9ramique de couleur noir mat. Il est pos\u00e9 sur un plan de travail blanc Le lavabo<\/p>\n","protected":false},"featured_media":17254,"comment_status":"open","ping_status":"closed","template":"","meta":{"_themeisle_gutenberg_block_has_review":false,"_joinchat":[]},"product_cat":[591],"product_tag":[],"_links":{"self":[{"href":"https:\/\/marouti.ma\/index.php\/wp-json\/wp\/v2\/product\/17241"}],"collection":[{"href":"https:\/\/marouti.ma\/index.php\/wp-json\/wp\/v2\/product"}],"about":[{"href":"https:\/\/marouti.ma\/index.php\/wp-json\/wp\/v2\/types\/product"}],"replies":[{"embeddable":true,"href":"https:\/\/marouti.ma\/index.php\/wp-json\/wp\/v2\/comments?post=17241"}],"version-history":[{"count":4,"href":"https:\/\/marouti.ma\/index.php\/wp-json\/wp\/v2\/product\/17241\/revisions"}],"predecessor-version":[{"id":17694,"href":"https:\/\/marouti.ma\/index.php\/wp-json\/wp\/v2\/product\/17241\/revisions\/17694"}],"wp:featuredmedia":[{"embeddable":true,"href":"https:\/\/marouti.ma\/index.php\/wp-json\/wp\/v2\/media\/17254"}],"wp:attachment":[{"href":"https:\/\/marouti.ma\/index.php\/wp-json\/wp\/v2\/media?parent=17241"}],"wp:term":[{"taxonomy":"product_cat","embeddable":true,"href":"https:\/\/marouti.ma\/index.php\/wp-json\/wp\/v2\/product_cat?post=17241"},{"taxonomy":"product_tag","embeddable":true,"href":"https:\/\/marouti.ma\/index.php\/wp-json\/wp\/v2\/product_tag?post=17241"}],"curies":[{"name":"wp","href":"https:\/\/api.w.org\/{rel}","templated":true}]}}