{"id":17212,"date":"2024-03-14T15:04:13","date_gmt":"2024-03-14T15:04:13","guid":{"rendered":"https:\/\/marouti.ma\/?post_type=product&#038;p=17212"},"modified":"2024-12-20T09:34:34","modified_gmt":"2024-12-20T09:34:34","slug":"vasque-encastrable-3","status":"publish","type":"product","link":"https:\/\/marouti.ma\/index.php\/product\/vasque-encastrable-3\/","title":{"rendered":"Vasque Encastrable"},"content":{"rendered":"<ul>\n<li>Le lavabo est de forme rectangulaire, avec deux bassins ovales distincts. Cette configuration est id\u00e9ale pour les salles de bains familiales ou les salles de bains partag\u00e9es.<\/li>\n<li>Le lavabo est de couleur blanche, une couleur classique et intemporelle qui s&rsquo;accorde avec la plupart des styles de d\u00e9coration.<\/li>\n<li>le lavabo est en c\u00e9ramique sanitaire, un mat\u00e9riau tr\u00e8s utilis\u00e9 pour la fabrication de lavabos en raison de sa durabilit\u00e9, de son hygi\u00e8ne et de sa facilit\u00e9 d&rsquo;entretien.<\/li>\n<li>Le lavabo semble \u00eatre con\u00e7u pour une pose pos\u00e9e, c&rsquo;est-\u00e0-dire qu&rsquo;il repose directement sur un meuble ou un plan de travail.<\/li>\n<li>Dimensions: 1210*460*165mm<\/li>\n<\/ul>\n","protected":false},"excerpt":{"rendered":"<p>Le lavabo est de forme rectangulaire, avec deux bassins ovales distincts. Cette configuration est id\u00e9ale pour les salles de bains<\/p>\n","protected":false},"featured_media":17297,"comment_status":"open","ping_status":"closed","template":"","meta":{"_themeisle_gutenberg_block_has_review":false,"_joinchat":[]},"product_cat":[588],"product_tag":[],"_links":{"self":[{"href":"https:\/\/marouti.ma\/index.php\/wp-json\/wp\/v2\/product\/17212"}],"collection":[{"href":"https:\/\/marouti.ma\/index.php\/wp-json\/wp\/v2\/product"}],"about":[{"href":"https:\/\/marouti.ma\/index.php\/wp-json\/wp\/v2\/types\/product"}],"replies":[{"embeddable":true,"href":"https:\/\/marouti.ma\/index.php\/wp-json\/wp\/v2\/comments?post=17212"}],"version-history":[{"count":3,"href":"https:\/\/marouti.ma\/index.php\/wp-json\/wp\/v2\/product\/17212\/revisions"}],"predecessor-version":[{"id":17706,"href":"https:\/\/marouti.ma\/index.php\/wp-json\/wp\/v2\/product\/17212\/revisions\/17706"}],"wp:featuredmedia":[{"embeddable":true,"href":"https:\/\/marouti.ma\/index.php\/wp-json\/wp\/v2\/media\/17297"}],"wp:attachment":[{"href":"https:\/\/marouti.ma\/index.php\/wp-json\/wp\/v2\/media?parent=17212"}],"wp:term":[{"taxonomy":"product_cat","embeddable":true,"href":"https:\/\/marouti.ma\/index.php\/wp-json\/wp\/v2\/product_cat?post=17212"},{"taxonomy":"product_tag","embeddable":true,"href":"https:\/\/marouti.ma\/index.php\/wp-json\/wp\/v2\/product_tag?post=17212"}],"curies":[{"name":"wp","href":"https:\/\/api.w.org\/{rel}","templated":true}]}}