{"id":17203,"date":"2024-03-14T14:33:04","date_gmt":"2024-03-14T14:33:04","guid":{"rendered":"https:\/\/marouti.ma\/?post_type=product&#038;p=17203"},"modified":"2024-12-20T09:50:18","modified_gmt":"2024-12-20T09:50:18","slug":"vasque-encastrable","status":"publish","type":"product","link":"https:\/\/marouti.ma\/index.php\/product\/vasque-encastrable\/","title":{"rendered":"Vasque encastrable"},"content":{"rendered":"<ul>\n<li>Ce plan de vasque de salle de bain se distingue par son design \u00e9pur\u00e9 et contemporain.<\/li>\n<li>La combinaison du blanc de la c\u00e9ramique et du chrome de la robinetterie cr\u00e9e un ensemble \u00e9l\u00e9gant et intemporel.<\/li>\n<li>L&rsquo;encastrement de la vasque conf\u00e8re \u00e0 l&rsquo;ensemble une esth\u00e9tique soign\u00e9e et minimaliste.<\/li>\n<li>Vasque Encastrable<\/li>\n<li>Dimensions: 610*460*175mm<\/li>\n<\/ul>\n","protected":false},"excerpt":{"rendered":"<p>Ce plan de vasque de salle de bain se distingue par son design \u00e9pur\u00e9 et contemporain. La combinaison du blanc<\/p>\n","protected":false},"featured_media":17303,"comment_status":"open","ping_status":"closed","template":"","meta":{"_themeisle_gutenberg_block_has_review":false,"_joinchat":[]},"product_cat":[588],"product_tag":[],"_links":{"self":[{"href":"https:\/\/marouti.ma\/index.php\/wp-json\/wp\/v2\/product\/17203"}],"collection":[{"href":"https:\/\/marouti.ma\/index.php\/wp-json\/wp\/v2\/product"}],"about":[{"href":"https:\/\/marouti.ma\/index.php\/wp-json\/wp\/v2\/types\/product"}],"replies":[{"embeddable":true,"href":"https:\/\/marouti.ma\/index.php\/wp-json\/wp\/v2\/comments?post=17203"}],"version-history":[{"count":3,"href":"https:\/\/marouti.ma\/index.php\/wp-json\/wp\/v2\/product\/17203\/revisions"}],"predecessor-version":[{"id":17708,"href":"https:\/\/marouti.ma\/index.php\/wp-json\/wp\/v2\/product\/17203\/revisions\/17708"}],"wp:featuredmedia":[{"embeddable":true,"href":"https:\/\/marouti.ma\/index.php\/wp-json\/wp\/v2\/media\/17303"}],"wp:attachment":[{"href":"https:\/\/marouti.ma\/index.php\/wp-json\/wp\/v2\/media?parent=17203"}],"wp:term":[{"taxonomy":"product_cat","embeddable":true,"href":"https:\/\/marouti.ma\/index.php\/wp-json\/wp\/v2\/product_cat?post=17203"},{"taxonomy":"product_tag","embeddable":true,"href":"https:\/\/marouti.ma\/index.php\/wp-json\/wp\/v2\/product_tag?post=17203"}],"curies":[{"name":"wp","href":"https:\/\/api.w.org\/{rel}","templated":true}]}}