{"id":17192,"date":"2024-03-14T12:40:33","date_gmt":"2024-03-14T12:40:33","guid":{"rendered":"https:\/\/marouti.ma\/?post_type=product&#038;p=17192"},"modified":"2024-12-20T09:54:17","modified_gmt":"2024-12-20T09:54:17","slug":"vasque-avec-fixation-au-mur","status":"publish","type":"product","link":"https:\/\/marouti.ma\/index.php\/product\/vasque-avec-fixation-au-mur\/","title":{"rendered":"Vasque avec fixation au mur"},"content":{"rendered":"<ul>\n<li>Ce lavabo suspendu se distingue par son design \u00e9pur\u00e9 et contemporain. Sa forme rectangulaire et sa couleur blanche lui permettent de s&rsquo;int\u00e9grer facilement \u00e0 diff\u00e9rents styles de d\u00e9coration.<\/li>\n<li>L&rsquo;installation suspendue lib\u00e8re de l&rsquo;espace au sol et facilite le nettoyage.<\/li>\n<li>Vasque avec fixation au mur<\/li>\n<li>Dimensions: 385*310*120mm<\/li>\n<\/ul>\n","protected":false},"excerpt":{"rendered":"<p>Ce lavabo suspendu se distingue par son design \u00e9pur\u00e9 et contemporain. Sa forme rectangulaire et sa couleur blanche lui permettent<\/p>\n","protected":false},"featured_media":17387,"comment_status":"open","ping_status":"closed","template":"","meta":{"_themeisle_gutenberg_block_has_review":false,"_joinchat":[]},"product_cat":[585],"product_tag":[],"_links":{"self":[{"href":"https:\/\/marouti.ma\/index.php\/wp-json\/wp\/v2\/product\/17192"}],"collection":[{"href":"https:\/\/marouti.ma\/index.php\/wp-json\/wp\/v2\/product"}],"about":[{"href":"https:\/\/marouti.ma\/index.php\/wp-json\/wp\/v2\/types\/product"}],"replies":[{"embeddable":true,"href":"https:\/\/marouti.ma\/index.php\/wp-json\/wp\/v2\/comments?post=17192"}],"version-history":[{"count":4,"href":"https:\/\/marouti.ma\/index.php\/wp-json\/wp\/v2\/product\/17192\/revisions"}],"predecessor-version":[{"id":17709,"href":"https:\/\/marouti.ma\/index.php\/wp-json\/wp\/v2\/product\/17192\/revisions\/17709"}],"wp:featuredmedia":[{"embeddable":true,"href":"https:\/\/marouti.ma\/index.php\/wp-json\/wp\/v2\/media\/17387"}],"wp:attachment":[{"href":"https:\/\/marouti.ma\/index.php\/wp-json\/wp\/v2\/media?parent=17192"}],"wp:term":[{"taxonomy":"product_cat","embeddable":true,"href":"https:\/\/marouti.ma\/index.php\/wp-json\/wp\/v2\/product_cat?post=17192"},{"taxonomy":"product_tag","embeddable":true,"href":"https:\/\/marouti.ma\/index.php\/wp-json\/wp\/v2\/product_tag?post=17192"}],"curies":[{"name":"wp","href":"https:\/\/api.w.org\/{rel}","templated":true}]}}