{"id":17188,"date":"2024-03-14T12:22:29","date_gmt":"2024-03-14T12:22:29","guid":{"rendered":"https:\/\/marouti.ma\/?post_type=product&#038;p=17188"},"modified":"2024-12-20T10:01:18","modified_gmt":"2024-12-20T10:01:18","slug":"vasque-a-poser-gris-clair-2","status":"publish","type":"product","link":"https:\/\/marouti.ma\/index.php\/product\/vasque-a-poser-gris-clair-2\/","title":{"rendered":"Vasque \u00e0 poser gris clair"},"content":{"rendered":"<ul>\n<li>Ce lavabo \u00e0 poser ovale se distingue par son design \u00e9pur\u00e9 et contemporain.<\/li>\n<li>Sa forme organique et sa couleur grise lui conf\u00e8rent un aspect intemporel.<\/li>\n<li>La c\u00e9ramique sanitaire garantit une grande durabilit\u00e9 et une facilit\u00e9 d&rsquo;entretien.<\/li>\n<li>Dimensions: 480*350*130<\/li>\n<\/ul>\n","protected":false},"excerpt":{"rendered":"<p>Ce lavabo \u00e0 poser ovale se distingue par son design \u00e9pur\u00e9 et contemporain. Sa forme organique et sa couleur grise<\/p>\n","protected":false},"featured_media":17357,"comment_status":"open","ping_status":"closed","template":"","meta":{"_themeisle_gutenberg_block_has_review":false,"_joinchat":[]},"product_cat":[584],"product_tag":[],"_links":{"self":[{"href":"https:\/\/marouti.ma\/index.php\/wp-json\/wp\/v2\/product\/17188"}],"collection":[{"href":"https:\/\/marouti.ma\/index.php\/wp-json\/wp\/v2\/product"}],"about":[{"href":"https:\/\/marouti.ma\/index.php\/wp-json\/wp\/v2\/types\/product"}],"replies":[{"embeddable":true,"href":"https:\/\/marouti.ma\/index.php\/wp-json\/wp\/v2\/comments?post=17188"}],"version-history":[{"count":3,"href":"https:\/\/marouti.ma\/index.php\/wp-json\/wp\/v2\/product\/17188\/revisions"}],"predecessor-version":[{"id":17710,"href":"https:\/\/marouti.ma\/index.php\/wp-json\/wp\/v2\/product\/17188\/revisions\/17710"}],"wp:featuredmedia":[{"embeddable":true,"href":"https:\/\/marouti.ma\/index.php\/wp-json\/wp\/v2\/media\/17357"}],"wp:attachment":[{"href":"https:\/\/marouti.ma\/index.php\/wp-json\/wp\/v2\/media?parent=17188"}],"wp:term":[{"taxonomy":"product_cat","embeddable":true,"href":"https:\/\/marouti.ma\/index.php\/wp-json\/wp\/v2\/product_cat?post=17188"},{"taxonomy":"product_tag","embeddable":true,"href":"https:\/\/marouti.ma\/index.php\/wp-json\/wp\/v2\/product_tag?post=17188"}],"curies":[{"name":"wp","href":"https:\/\/api.w.org\/{rel}","templated":true}]}}