{"id":17172,"date":"2024-03-14T11:50:25","date_gmt":"2024-03-14T11:50:25","guid":{"rendered":"https:\/\/marouti.ma\/?post_type=product&#038;p=17172"},"modified":"2024-12-20T14:42:24","modified_gmt":"2024-12-20T14:42:24","slug":"vasque-ovale-a-poser-yellow-marbre","status":"publish","type":"product","link":"https:\/\/marouti.ma\/index.php\/product\/vasque-ovale-a-poser-yellow-marbre\/","title":{"rendered":"Vasque ovale \u00e0 Poser Yellow marbre"},"content":{"rendered":"<ul>\n<li>un <strong>lavabo en onyx<\/strong> de forme ovale et peu profonde, pos\u00e9 sur un plan de travail.<\/li>\n<li>Sa caract\u00e9ristique la plus distinctive est sa <strong>finition naturelle<\/strong> avec des veines et des nuances de couleur uniques, qui lui conf\u00e8rent un aspect luxueux et intemporel.<\/li>\n<li>Le lavabo est compl\u00e9t\u00e9 par une robinetterie noire mate, cr\u00e9ant un contraste \u00e9l\u00e9gant avec la couleur chaude de l&rsquo;onyx.<\/li>\n<li>Vasque ovale \u00e0 Poser Yellow marbre<\/li>\n<li>Dimensions: 600*405*155<\/li>\n<\/ul>\n","protected":false},"excerpt":{"rendered":"<p>un lavabo en onyx de forme ovale et peu profonde, pos\u00e9 sur un plan de travail. Sa caract\u00e9ristique la plus<\/p>\n","protected":false},"featured_media":17369,"comment_status":"open","ping_status":"closed","template":"","meta":{"_themeisle_gutenberg_block_has_review":false,"_joinchat":[]},"product_cat":[581],"product_tag":[],"_links":{"self":[{"href":"https:\/\/marouti.ma\/index.php\/wp-json\/wp\/v2\/product\/17172"}],"collection":[{"href":"https:\/\/marouti.ma\/index.php\/wp-json\/wp\/v2\/product"}],"about":[{"href":"https:\/\/marouti.ma\/index.php\/wp-json\/wp\/v2\/types\/product"}],"replies":[{"embeddable":true,"href":"https:\/\/marouti.ma\/index.php\/wp-json\/wp\/v2\/comments?post=17172"}],"version-history":[{"count":3,"href":"https:\/\/marouti.ma\/index.php\/wp-json\/wp\/v2\/product\/17172\/revisions"}],"predecessor-version":[{"id":17728,"href":"https:\/\/marouti.ma\/index.php\/wp-json\/wp\/v2\/product\/17172\/revisions\/17728"}],"wp:featuredmedia":[{"embeddable":true,"href":"https:\/\/marouti.ma\/index.php\/wp-json\/wp\/v2\/media\/17369"}],"wp:attachment":[{"href":"https:\/\/marouti.ma\/index.php\/wp-json\/wp\/v2\/media?parent=17172"}],"wp:term":[{"taxonomy":"product_cat","embeddable":true,"href":"https:\/\/marouti.ma\/index.php\/wp-json\/wp\/v2\/product_cat?post=17172"},{"taxonomy":"product_tag","embeddable":true,"href":"https:\/\/marouti.ma\/index.php\/wp-json\/wp\/v2\/product_tag?post=17172"}],"curies":[{"name":"wp","href":"https:\/\/api.w.org\/{rel}","templated":true}]}}