{"id":17164,"date":"2024-03-12T15:47:41","date_gmt":"2024-03-12T15:47:41","guid":{"rendered":"https:\/\/marouti.ma\/?post_type=product&#038;p=17164"},"modified":"2024-12-20T10:15:11","modified_gmt":"2024-12-20T10:15:11","slug":"porte-balai-porte-papier-porte-telephone","status":"publish","type":"product","link":"https:\/\/marouti.ma\/index.php\/product\/porte-balai-porte-papier-porte-telephone\/","title":{"rendered":"Porte Balai+ Porte Papier+ Porte T\u00e9l\u00e9phone"},"content":{"rendered":"<ul>\n<li>un <strong>ensemble de rangement pour les toilettes <\/strong>s&rsquo;agit un support autoportant, g\u00e9n\u00e9ralement plac\u00e9 pr\u00e8s des toilettes, con\u00e7u pour organiser et stocker diff\u00e9rents articles de salle de bain.<\/li>\n<li>Il est souvent en plastique ou en c\u00e9ramique, elle sert de socle \u00e0 l&rsquo;ensemble et peut contenir un r\u00e9servoir pour une brosse de toilettes.<\/li>\n<li data-sourcepos=\"9:1-9:98\"><strong>Porte-papier:<\/strong> Un ou plusieurs rouleaux de papier toilette peuvent \u00eatre fix\u00e9s \u00e0 cette partie.<\/li>\n<li data-sourcepos=\"10:1-10:169\"><strong>Porte-objets:<\/strong> Une petite \u00e9tag\u00e8re ou un plateau est g\u00e9n\u00e9ralement pr\u00e9sent pour y d\u00e9poser des petits objets comme un t\u00e9l\u00e9phone, des cl\u00e9s ou des produits de nettoyage.<\/li>\n<li data-sourcepos=\"11:1-12:0\"><strong>Porte-brosse:<\/strong> Un r\u00e9cipient est pr\u00e9vu pour accueillir la brosse des toilettes.<\/li>\n<\/ul>\n","protected":false},"excerpt":{"rendered":"<p>un ensemble de rangement pour les toilettes s&rsquo;agit un support autoportant, g\u00e9n\u00e9ralement plac\u00e9 pr\u00e8s des toilettes, con\u00e7u pour organiser et<\/p>\n","protected":false},"featured_media":17165,"comment_status":"open","ping_status":"closed","template":"","meta":{"_themeisle_gutenberg_block_has_review":false,"_joinchat":[]},"product_cat":[572,592],"product_tag":[],"_links":{"self":[{"href":"https:\/\/marouti.ma\/index.php\/wp-json\/wp\/v2\/product\/17164"}],"collection":[{"href":"https:\/\/marouti.ma\/index.php\/wp-json\/wp\/v2\/product"}],"about":[{"href":"https:\/\/marouti.ma\/index.php\/wp-json\/wp\/v2\/types\/product"}],"replies":[{"embeddable":true,"href":"https:\/\/marouti.ma\/index.php\/wp-json\/wp\/v2\/comments?post=17164"}],"version-history":[{"count":3,"href":"https:\/\/marouti.ma\/index.php\/wp-json\/wp\/v2\/product\/17164\/revisions"}],"predecessor-version":[{"id":17712,"href":"https:\/\/marouti.ma\/index.php\/wp-json\/wp\/v2\/product\/17164\/revisions\/17712"}],"wp:featuredmedia":[{"embeddable":true,"href":"https:\/\/marouti.ma\/index.php\/wp-json\/wp\/v2\/media\/17165"}],"wp:attachment":[{"href":"https:\/\/marouti.ma\/index.php\/wp-json\/wp\/v2\/media?parent=17164"}],"wp:term":[{"taxonomy":"product_cat","embeddable":true,"href":"https:\/\/marouti.ma\/index.php\/wp-json\/wp\/v2\/product_cat?post=17164"},{"taxonomy":"product_tag","embeddable":true,"href":"https:\/\/marouti.ma\/index.php\/wp-json\/wp\/v2\/product_tag?post=17164"}],"curies":[{"name":"wp","href":"https:\/\/api.w.org\/{rel}","templated":true}]}}