{"id":17158,"date":"2024-03-12T15:09:46","date_gmt":"2024-03-12T15:09:46","guid":{"rendered":"https:\/\/marouti.ma\/?post_type=product&#038;p=17158"},"modified":"2025-04-11T11:15:46","modified_gmt":"2025-04-11T11:15:46","slug":"porte-balai-port-papier-rond-blanc","status":"publish","type":"product","link":"https:\/\/marouti.ma\/index.php\/product\/porte-balai-port-papier-rond-blanc\/","title":{"rendered":"Porte Balai+ Port Papier Rond Blanc"},"content":{"rendered":"<ul>\n<li>un ensemble de porte-papier toilette et brosse de toilettes au design contemporain et \u00e9pur\u00e9.<\/li>\n<li>Cet objet allie fonctionnalit\u00e9 et esth\u00e9tique, apportant une touche d&rsquo;originalit\u00e9 \u00e0 la salle de bain.<\/li>\n<li data-sourcepos=\"9:1-9:125\">La structure principale est en m\u00e9tal, probablement en acier, peint en blanc pour un aspect l\u00e9ger et moderne.<\/li>\n<li>Deux branches en bois naturel sont fix\u00e9es \u00e0 la structure m\u00e9tallique, ajoutant une touche chaleureuse et organique.<\/li>\n<li>L&rsquo;ensemble repose sur une base en verre transparent, donnant une impression de l\u00e9g\u00e8ret\u00e9 et agrandissant visuellement l&rsquo;espace.<\/li>\n<li>Un pot en c\u00e9ramique ou en plastique blanc abrite la brosse de toilettes. Il est g\u00e9n\u00e9ralement fix\u00e9 \u00e0 la base ou \u00e0 la structure m\u00e9tallique.<\/li>\n<\/ul>\n","protected":false},"excerpt":{"rendered":"<p>un ensemble de porte-papier toilette et brosse de toilettes au design contemporain et \u00e9pur\u00e9. Cet objet allie fonctionnalit\u00e9 et esth\u00e9tique,<\/p>\n","protected":false},"featured_media":17159,"comment_status":"open","ping_status":"closed","template":"","meta":{"_themeisle_gutenberg_block_has_review":false,"_joinchat":[]},"product_cat":[572],"product_tag":[],"_links":{"self":[{"href":"https:\/\/marouti.ma\/index.php\/wp-json\/wp\/v2\/product\/17158"}],"collection":[{"href":"https:\/\/marouti.ma\/index.php\/wp-json\/wp\/v2\/product"}],"about":[{"href":"https:\/\/marouti.ma\/index.php\/wp-json\/wp\/v2\/types\/product"}],"replies":[{"embeddable":true,"href":"https:\/\/marouti.ma\/index.php\/wp-json\/wp\/v2\/comments?post=17158"}],"version-history":[{"count":3,"href":"https:\/\/marouti.ma\/index.php\/wp-json\/wp\/v2\/product\/17158\/revisions"}],"predecessor-version":[{"id":17714,"href":"https:\/\/marouti.ma\/index.php\/wp-json\/wp\/v2\/product\/17158\/revisions\/17714"}],"wp:featuredmedia":[{"embeddable":true,"href":"https:\/\/marouti.ma\/index.php\/wp-json\/wp\/v2\/media\/17159"}],"wp:attachment":[{"href":"https:\/\/marouti.ma\/index.php\/wp-json\/wp\/v2\/media?parent=17158"}],"wp:term":[{"taxonomy":"product_cat","embeddable":true,"href":"https:\/\/marouti.ma\/index.php\/wp-json\/wp\/v2\/product_cat?post=17158"},{"taxonomy":"product_tag","embeddable":true,"href":"https:\/\/marouti.ma\/index.php\/wp-json\/wp\/v2\/product_tag?post=17158"}],"curies":[{"name":"wp","href":"https:\/\/api.w.org\/{rel}","templated":true}]}}