{"id":17155,"date":"2024-03-12T15:08:02","date_gmt":"2024-03-12T15:08:02","guid":{"rendered":"https:\/\/marouti.ma\/?post_type=product&#038;p=17155"},"modified":"2024-12-20T10:32:15","modified_gmt":"2024-12-20T10:32:15","slug":"porte-serviette-autonome-chrome","status":"publish","type":"product","link":"https:\/\/marouti.ma\/index.php\/product\/porte-serviette-autonome-chrome\/","title":{"rendered":"Porte Serviette Autonome Chrom\u00e9"},"content":{"rendered":"<ul>\n<li><strong>un porte-serviette sur pied.<\/strong> Il s&rsquo;agit d&rsquo;un accessoire de salle de bain con\u00e7u pour s\u00e9cher et ranger les serviettes de toilette.<\/li>\n<li data-sourcepos=\"7:1-7:202\"><strong>Structure:<\/strong> Il est g\u00e9n\u00e9ralement constitu\u00e9 d&rsquo;une base circulaire lourde pour assurer la stabilit\u00e9, d&rsquo;une colonne verticale et de trois \u00e0 quatre bras horizontaux destin\u00e9s \u00e0 accueillir les serviettes.<\/li>\n<li data-sourcepos=\"8:1-8:221\"><strong>Mat\u00e9riaux:<\/strong> La plupart des mod\u00e8les sont fabriqu\u00e9s en acier inoxydable, connu pour sa r\u00e9sistance \u00e0 la corrosion et son aspect brillant. Cela en fait un choix id\u00e9al pour un environnement humide comme une salle de bain.<\/li>\n<li data-sourcepos=\"9:1-9:213\"><strong>Design:<\/strong> Le design est souvent simple et \u00e9pur\u00e9, s&rsquo;int\u00e9grant facilement \u00e0 diff\u00e9rents styles de d\u00e9coration. Les finitions peuvent varier (chrome brillant, satin\u00e9, etc.) pour s&rsquo;adapter aux pr\u00e9f\u00e9rences de chacun.<\/li>\n<li data-sourcepos=\"10:1-11:0\"><strong>Fonctionnalit\u00e9:<\/strong> Il permet de s\u00e9cher rapidement les serviettes tout en les gardant \u00e0 port\u00e9e de main. La pr\u00e9sence de plusieurs bras offre une capacit\u00e9 de rangement accrue.<\/li>\n<\/ul>\n","protected":false},"excerpt":{"rendered":"<p>un porte-serviette sur pied. Il s&rsquo;agit d&rsquo;un accessoire de salle de bain con\u00e7u pour s\u00e9cher et ranger les serviettes de<\/p>\n","protected":false},"featured_media":17156,"comment_status":"open","ping_status":"closed","template":"","meta":{"_themeisle_gutenberg_block_has_review":false,"_joinchat":[]},"product_cat":[569],"product_tag":[],"_links":{"self":[{"href":"https:\/\/marouti.ma\/index.php\/wp-json\/wp\/v2\/product\/17155"}],"collection":[{"href":"https:\/\/marouti.ma\/index.php\/wp-json\/wp\/v2\/product"}],"about":[{"href":"https:\/\/marouti.ma\/index.php\/wp-json\/wp\/v2\/types\/product"}],"replies":[{"embeddable":true,"href":"https:\/\/marouti.ma\/index.php\/wp-json\/wp\/v2\/comments?post=17155"}],"version-history":[{"count":3,"href":"https:\/\/marouti.ma\/index.php\/wp-json\/wp\/v2\/product\/17155\/revisions"}],"predecessor-version":[{"id":17716,"href":"https:\/\/marouti.ma\/index.php\/wp-json\/wp\/v2\/product\/17155\/revisions\/17716"}],"wp:featuredmedia":[{"embeddable":true,"href":"https:\/\/marouti.ma\/index.php\/wp-json\/wp\/v2\/media\/17156"}],"wp:attachment":[{"href":"https:\/\/marouti.ma\/index.php\/wp-json\/wp\/v2\/media?parent=17155"}],"wp:term":[{"taxonomy":"product_cat","embeddable":true,"href":"https:\/\/marouti.ma\/index.php\/wp-json\/wp\/v2\/product_cat?post=17155"},{"taxonomy":"product_tag","embeddable":true,"href":"https:\/\/marouti.ma\/index.php\/wp-json\/wp\/v2\/product_tag?post=17155"}],"curies":[{"name":"wp","href":"https:\/\/api.w.org\/{rel}","templated":true}]}}