{"id":17148,"date":"2024-03-12T14:14:47","date_gmt":"2024-03-12T14:14:47","guid":{"rendered":"https:\/\/marouti.ma\/?post_type=product&#038;p=17148"},"modified":"2024-12-20T10:43:01","modified_gmt":"2024-12-20T10:43:01","slug":"vasque-a-poser-ronde-chromee","status":"publish","type":"product","link":"https:\/\/marouti.ma\/index.php\/product\/vasque-a-poser-ronde-chromee\/","title":{"rendered":"Vasque \u00e0 poser ronde chrom\u00e9e"},"content":{"rendered":"<ul>\n<li>un <strong>lavabo en c\u00e9ramique<\/strong> de forme ronde et peu profonde, pos\u00e9 sur un plan de travail.<\/li>\n<li>Sa caract\u00e9ristique la plus distinctive est sa <strong>finition chrom\u00e9e brillante<\/strong>, qui lui conf\u00e8re un aspect m\u00e9tallique et contemporain.<\/li>\n<li>Le lavabo est compl\u00e9t\u00e9 par une robinetterie assortie, soulignant ainsi l&rsquo;\u00e9l\u00e9gance de l&rsquo;ensemble.<\/li>\n<li>Dimensions: 445*445*135<\/li>\n<\/ul>\n<p>&nbsp;<\/p>\n","protected":false},"excerpt":{"rendered":"<p>un lavabo en c\u00e9ramique de forme ronde et peu profonde, pos\u00e9 sur un plan de travail. Sa caract\u00e9ristique la plus<\/p>\n","protected":false},"featured_media":17351,"comment_status":"open","ping_status":"closed","template":"","meta":{"_themeisle_gutenberg_block_has_review":false,"_joinchat":[]},"product_cat":[584],"product_tag":[],"_links":{"self":[{"href":"https:\/\/marouti.ma\/index.php\/wp-json\/wp\/v2\/product\/17148"}],"collection":[{"href":"https:\/\/marouti.ma\/index.php\/wp-json\/wp\/v2\/product"}],"about":[{"href":"https:\/\/marouti.ma\/index.php\/wp-json\/wp\/v2\/types\/product"}],"replies":[{"embeddable":true,"href":"https:\/\/marouti.ma\/index.php\/wp-json\/wp\/v2\/comments?post=17148"}],"version-history":[{"count":4,"href":"https:\/\/marouti.ma\/index.php\/wp-json\/wp\/v2\/product\/17148\/revisions"}],"predecessor-version":[{"id":17719,"href":"https:\/\/marouti.ma\/index.php\/wp-json\/wp\/v2\/product\/17148\/revisions\/17719"}],"wp:featuredmedia":[{"embeddable":true,"href":"https:\/\/marouti.ma\/index.php\/wp-json\/wp\/v2\/media\/17351"}],"wp:attachment":[{"href":"https:\/\/marouti.ma\/index.php\/wp-json\/wp\/v2\/media?parent=17148"}],"wp:term":[{"taxonomy":"product_cat","embeddable":true,"href":"https:\/\/marouti.ma\/index.php\/wp-json\/wp\/v2\/product_cat?post=17148"},{"taxonomy":"product_tag","embeddable":true,"href":"https:\/\/marouti.ma\/index.php\/wp-json\/wp\/v2\/product_tag?post=17148"}],"curies":[{"name":"wp","href":"https:\/\/api.w.org\/{rel}","templated":true}]}}