{"id":17123,"date":"2024-03-12T11:53:20","date_gmt":"2024-03-12T11:53:20","guid":{"rendered":"https:\/\/marouti.ma\/?post_type=product&#038;p=17123"},"modified":"2024-12-20T11:02:58","modified_gmt":"2024-12-20T11:02:58","slug":"vasque-ovale-a-poser-gris-clair","status":"publish","type":"product","link":"https:\/\/marouti.ma\/index.php\/product\/vasque-ovale-a-poser-gris-clair\/","title":{"rendered":"Vasque Ovale \u00e0 poser Gris Fonc\u00e9"},"content":{"rendered":"<ul>\n<li>un <strong>lavabo en c\u00e9ramique<\/strong> de forme ovale et peu profonde, pos\u00e9 sur un plan de travail.<\/li>\n<li>Sa caract\u00e9ristique la plus distinctive est sa <strong>finition gris fonc\u00e9 <\/strong>, qui lui conf\u00e8re un aspect contemporain et \u00e9l\u00e9gant.<\/li>\n<li>Le lavabo est compl\u00e9t\u00e9 par une robinetterie chrom\u00e9e, cr\u00e9ant un contraste int\u00e9ressant entre les deux mat\u00e9riaux.<\/li>\n<li>Dimensions: 480*340*145<\/li>\n<\/ul>\n","protected":false},"excerpt":{"rendered":"<p>un lavabo en c\u00e9ramique de forme ovale et peu profonde, pos\u00e9 sur un plan de travail. Sa caract\u00e9ristique la plus<\/p>\n","protected":false},"featured_media":17367,"comment_status":"open","ping_status":"closed","template":"","meta":{"_themeisle_gutenberg_block_has_review":false,"_joinchat":[]},"product_cat":[584],"product_tag":[],"_links":{"self":[{"href":"https:\/\/marouti.ma\/index.php\/wp-json\/wp\/v2\/product\/17123"}],"collection":[{"href":"https:\/\/marouti.ma\/index.php\/wp-json\/wp\/v2\/product"}],"about":[{"href":"https:\/\/marouti.ma\/index.php\/wp-json\/wp\/v2\/types\/product"}],"replies":[{"embeddable":true,"href":"https:\/\/marouti.ma\/index.php\/wp-json\/wp\/v2\/comments?post=17123"}],"version-history":[{"count":5,"href":"https:\/\/marouti.ma\/index.php\/wp-json\/wp\/v2\/product\/17123\/revisions"}],"predecessor-version":[{"id":17723,"href":"https:\/\/marouti.ma\/index.php\/wp-json\/wp\/v2\/product\/17123\/revisions\/17723"}],"wp:featuredmedia":[{"embeddable":true,"href":"https:\/\/marouti.ma\/index.php\/wp-json\/wp\/v2\/media\/17367"}],"wp:attachment":[{"href":"https:\/\/marouti.ma\/index.php\/wp-json\/wp\/v2\/media?parent=17123"}],"wp:term":[{"taxonomy":"product_cat","embeddable":true,"href":"https:\/\/marouti.ma\/index.php\/wp-json\/wp\/v2\/product_cat?post=17123"},{"taxonomy":"product_tag","embeddable":true,"href":"https:\/\/marouti.ma\/index.php\/wp-json\/wp\/v2\/product_tag?post=17123"}],"curies":[{"name":"wp","href":"https:\/\/api.w.org\/{rel}","templated":true}]}}