{"id":17112,"date":"2024-03-12T10:54:01","date_gmt":"2024-03-12T10:54:01","guid":{"rendered":"https:\/\/marouti.ma\/?post_type=product&#038;p=17112"},"modified":"2024-12-20T11:38:43","modified_gmt":"2024-12-20T11:38:43","slug":"vasque-ronde-a-poser-mat-beige","status":"publish","type":"product","link":"https:\/\/marouti.ma\/index.php\/product\/vasque-ronde-a-poser-mat-beige\/","title":{"rendered":"Vasque Ronde \u00e0 poser mat Beige"},"content":{"rendered":"<ul>\n<li>un <strong>lavabo en c\u00e9ramique<\/strong> de forme ronde et peu profonde, pos\u00e9 sur un plan de travail.<\/li>\n<li>Sa caract\u00e9ristique la plus distinctive est sa <strong>finition beige mate<\/strong>, qui lui conf\u00e8re un aspect chaleureux et contemporain.<\/li>\n<li>Le lavabo est compl\u00e9t\u00e9 par une robinetterie chrom\u00e9e, cr\u00e9ant un contraste int\u00e9ressant entre les deux mat\u00e9riaux.<\/li>\n<li>Vasque mat Beige de forme ronde \u00e0 installer sur le dessus.<\/li>\n<li>Dimensions: 445*445*135<\/li>\n<\/ul>\n","protected":false},"excerpt":{"rendered":"<p>un lavabo en c\u00e9ramique de forme ronde et peu profonde, pos\u00e9 sur un plan de travail. Sa caract\u00e9ristique la plus<\/p>\n","protected":false},"featured_media":17361,"comment_status":"open","ping_status":"closed","template":"","meta":{"_themeisle_gutenberg_block_has_review":false,"_joinchat":[]},"product_cat":[584],"product_tag":[],"_links":{"self":[{"href":"https:\/\/marouti.ma\/index.php\/wp-json\/wp\/v2\/product\/17112"}],"collection":[{"href":"https:\/\/marouti.ma\/index.php\/wp-json\/wp\/v2\/product"}],"about":[{"href":"https:\/\/marouti.ma\/index.php\/wp-json\/wp\/v2\/types\/product"}],"replies":[{"embeddable":true,"href":"https:\/\/marouti.ma\/index.php\/wp-json\/wp\/v2\/comments?post=17112"}],"version-history":[{"count":4,"href":"https:\/\/marouti.ma\/index.php\/wp-json\/wp\/v2\/product\/17112\/revisions"}],"predecessor-version":[{"id":17726,"href":"https:\/\/marouti.ma\/index.php\/wp-json\/wp\/v2\/product\/17112\/revisions\/17726"}],"wp:featuredmedia":[{"embeddable":true,"href":"https:\/\/marouti.ma\/index.php\/wp-json\/wp\/v2\/media\/17361"}],"wp:attachment":[{"href":"https:\/\/marouti.ma\/index.php\/wp-json\/wp\/v2\/media?parent=17112"}],"wp:term":[{"taxonomy":"product_cat","embeddable":true,"href":"https:\/\/marouti.ma\/index.php\/wp-json\/wp\/v2\/product_cat?post=17112"},{"taxonomy":"product_tag","embeddable":true,"href":"https:\/\/marouti.ma\/index.php\/wp-json\/wp\/v2\/product_tag?post=17112"}],"curies":[{"name":"wp","href":"https:\/\/api.w.org\/{rel}","templated":true}]}}