{"id":17109,"date":"2024-03-11T11:38:12","date_gmt":"2024-03-11T11:38:12","guid":{"rendered":"https:\/\/marouti.ma\/?post_type=product&#038;p=17109"},"modified":"2024-12-20T15:06:15","modified_gmt":"2024-12-20T15:06:15","slug":"vasque-ronde-a-poser-gris-clair-mat","status":"publish","type":"product","link":"https:\/\/marouti.ma\/index.php\/product\/vasque-ronde-a-poser-gris-clair-mat\/","title":{"rendered":"Vasque Ronde \u00e0 poser gris clair mat"},"content":{"rendered":"<ul>\n<li>vasque est de forme ronde et poss\u00e8de une l\u00e9g\u00e8re concavit\u00e9 int\u00e9rieure.<\/li>\n<li>vasque\u00a0 est de couleur grise, avec une finition mate qui lui donne un aspect doux et moderne<\/li>\n<li>vasque rond \u00e0 installer avec une finition mate de couleur gris clair.<\/li>\n<li>vasque est souvent fabriqu\u00e9 en c\u00e9ramique ou en porcelaine, des mat\u00e9riaux connus pour leur durabilit\u00e9 et leur r\u00e9sistance \u00e0 l&rsquo;eau.<\/li>\n<li>Dimensions: 445*445*135<\/li>\n<\/ul>\n","protected":false},"excerpt":{"rendered":"<p>vasque est de forme ronde et poss\u00e8de une l\u00e9g\u00e8re concavit\u00e9 int\u00e9rieure. vasque\u00a0 est de couleur grise, avec une finition mate<\/p>\n","protected":false},"featured_media":17355,"comment_status":"open","ping_status":"closed","template":"","meta":{"_themeisle_gutenberg_block_has_review":false,"_joinchat":[]},"product_cat":[584],"product_tag":[],"_links":{"self":[{"href":"https:\/\/marouti.ma\/index.php\/wp-json\/wp\/v2\/product\/17109"}],"collection":[{"href":"https:\/\/marouti.ma\/index.php\/wp-json\/wp\/v2\/product"}],"about":[{"href":"https:\/\/marouti.ma\/index.php\/wp-json\/wp\/v2\/types\/product"}],"replies":[{"embeddable":true,"href":"https:\/\/marouti.ma\/index.php\/wp-json\/wp\/v2\/comments?post=17109"}],"version-history":[{"count":3,"href":"https:\/\/marouti.ma\/index.php\/wp-json\/wp\/v2\/product\/17109\/revisions"}],"predecessor-version":[{"id":17732,"href":"https:\/\/marouti.ma\/index.php\/wp-json\/wp\/v2\/product\/17109\/revisions\/17732"}],"wp:featuredmedia":[{"embeddable":true,"href":"https:\/\/marouti.ma\/index.php\/wp-json\/wp\/v2\/media\/17355"}],"wp:attachment":[{"href":"https:\/\/marouti.ma\/index.php\/wp-json\/wp\/v2\/media?parent=17109"}],"wp:term":[{"taxonomy":"product_cat","embeddable":true,"href":"https:\/\/marouti.ma\/index.php\/wp-json\/wp\/v2\/product_cat?post=17109"},{"taxonomy":"product_tag","embeddable":true,"href":"https:\/\/marouti.ma\/index.php\/wp-json\/wp\/v2\/product_tag?post=17109"}],"curies":[{"name":"wp","href":"https:\/\/api.w.org\/{rel}","templated":true}]}}