{"id":17106,"date":"2024-03-11T11:17:57","date_gmt":"2024-03-11T11:17:57","guid":{"rendered":"https:\/\/marouti.ma\/?post_type=product&#038;p=17106"},"modified":"2024-12-20T15:16:55","modified_gmt":"2024-12-20T15:16:55","slug":"vasque-blanche-a-poser","status":"publish","type":"product","link":"https:\/\/marouti.ma\/index.php\/product\/vasque-blanche-a-poser\/","title":{"rendered":"Vasque blanche \u00e0 poser"},"content":{"rendered":"<ul>\n<li>vasque est de forme carr\u00e9e, avec des angles l\u00e9g\u00e8rement arrondis pour un aspect plus doux et moderne.<\/li>\n<li>vasque est de couleur blanche, une couleur classique et intemporelle qui s&rsquo;adapte \u00e0 tous les styles de d\u00e9coration.<\/li>\n<li>\u00c9vier de couleur blanche \u00e0 installer au-dessus du comptoir.<\/li>\n<li>Dimensions : 450*400*145mm<\/li>\n<\/ul>\n","protected":false},"excerpt":{"rendered":"<p>vasque est de forme carr\u00e9e, avec des angles l\u00e9g\u00e8rement arrondis pour un aspect plus doux et moderne. vasque est de<\/p>\n","protected":false},"featured_media":17311,"comment_status":"open","ping_status":"closed","template":"","meta":{"_themeisle_gutenberg_block_has_review":false,"_joinchat":[]},"product_cat":[580],"product_tag":[],"_links":{"self":[{"href":"https:\/\/marouti.ma\/index.php\/wp-json\/wp\/v2\/product\/17106"}],"collection":[{"href":"https:\/\/marouti.ma\/index.php\/wp-json\/wp\/v2\/product"}],"about":[{"href":"https:\/\/marouti.ma\/index.php\/wp-json\/wp\/v2\/types\/product"}],"replies":[{"embeddable":true,"href":"https:\/\/marouti.ma\/index.php\/wp-json\/wp\/v2\/comments?post=17106"}],"version-history":[{"count":4,"href":"https:\/\/marouti.ma\/index.php\/wp-json\/wp\/v2\/product\/17106\/revisions"}],"predecessor-version":[{"id":17733,"href":"https:\/\/marouti.ma\/index.php\/wp-json\/wp\/v2\/product\/17106\/revisions\/17733"}],"wp:featuredmedia":[{"embeddable":true,"href":"https:\/\/marouti.ma\/index.php\/wp-json\/wp\/v2\/media\/17311"}],"wp:attachment":[{"href":"https:\/\/marouti.ma\/index.php\/wp-json\/wp\/v2\/media?parent=17106"}],"wp:term":[{"taxonomy":"product_cat","embeddable":true,"href":"https:\/\/marouti.ma\/index.php\/wp-json\/wp\/v2\/product_cat?post=17106"},{"taxonomy":"product_tag","embeddable":true,"href":"https:\/\/marouti.ma\/index.php\/wp-json\/wp\/v2\/product_tag?post=17106"}],"curies":[{"name":"wp","href":"https:\/\/api.w.org\/{rel}","templated":true}]}}