{"id":17103,"date":"2024-03-11T11:00:31","date_gmt":"2024-03-11T11:00:31","guid":{"rendered":"https:\/\/marouti.ma\/?post_type=product&#038;p=17103"},"modified":"2024-12-20T15:24:56","modified_gmt":"2024-12-20T15:24:56","slug":"vasque-ronde-a-poser-doree","status":"publish","type":"product","link":"https:\/\/marouti.ma\/index.php\/product\/vasque-ronde-a-poser-doree\/","title":{"rendered":"Vasque Ronde \u00e0 poser Dor\u00e9e"},"content":{"rendered":"<ul>\n<li>\n<p data-sourcepos=\"3:1-3:94\"><strong> vasque au design particuli\u00e8rement \u00e9l\u00e9gant et moderne <\/strong>est de forme ronde, avec une l\u00e9g\u00e8re concavit\u00e9 int\u00e9rieure.<\/p>\n<\/li>\n<li>\n<p data-sourcepos=\"3:1-3:94\">Vasque de couleur dor\u00e9e, avec une finition brillante qui lui conf\u00e8re un aspect luxueux et sophistiqu\u00e9.<\/p>\n<\/li>\n<li>vasque est souvent fabriqu\u00e9 en c\u00e9ramique ou en porcelaine, des mat\u00e9riaux connus pour leur durabilit\u00e9 et leur r\u00e9sistance \u00e0 l&rsquo;eau. La finition dor\u00e9e est g\u00e9n\u00e9ralement obtenue par un proc\u00e9d\u00e9 d&rsquo;\u00e9maillage.<\/li>\n<li>Dimensions: 515\u00d7515&#215;170<\/li>\n<\/ul>\n","protected":false},"excerpt":{"rendered":"<p>vasque au design particuli\u00e8rement \u00e9l\u00e9gant et moderne est de forme ronde, avec une l\u00e9g\u00e8re concavit\u00e9 int\u00e9rieure. Vasque de couleur dor\u00e9e,<\/p>\n","protected":false},"featured_media":17347,"comment_status":"open","ping_status":"closed","template":"","meta":{"_themeisle_gutenberg_block_has_review":false,"_joinchat":[]},"product_cat":[584],"product_tag":[],"_links":{"self":[{"href":"https:\/\/marouti.ma\/index.php\/wp-json\/wp\/v2\/product\/17103"}],"collection":[{"href":"https:\/\/marouti.ma\/index.php\/wp-json\/wp\/v2\/product"}],"about":[{"href":"https:\/\/marouti.ma\/index.php\/wp-json\/wp\/v2\/types\/product"}],"replies":[{"embeddable":true,"href":"https:\/\/marouti.ma\/index.php\/wp-json\/wp\/v2\/comments?post=17103"}],"version-history":[{"count":4,"href":"https:\/\/marouti.ma\/index.php\/wp-json\/wp\/v2\/product\/17103\/revisions"}],"predecessor-version":[{"id":17346,"href":"https:\/\/marouti.ma\/index.php\/wp-json\/wp\/v2\/product\/17103\/revisions\/17346"}],"wp:featuredmedia":[{"embeddable":true,"href":"https:\/\/marouti.ma\/index.php\/wp-json\/wp\/v2\/media\/17347"}],"wp:attachment":[{"href":"https:\/\/marouti.ma\/index.php\/wp-json\/wp\/v2\/media?parent=17103"}],"wp:term":[{"taxonomy":"product_cat","embeddable":true,"href":"https:\/\/marouti.ma\/index.php\/wp-json\/wp\/v2\/product_cat?post=17103"},{"taxonomy":"product_tag","embeddable":true,"href":"https:\/\/marouti.ma\/index.php\/wp-json\/wp\/v2\/product_tag?post=17103"}],"curies":[{"name":"wp","href":"https:\/\/api.w.org\/{rel}","templated":true}]}}