{"id":17096,"date":"2024-03-11T10:28:20","date_gmt":"2024-03-11T10:28:20","guid":{"rendered":"https:\/\/marouti.ma\/?post_type=product&#038;p=17096"},"modified":"2024-12-20T15:36:16","modified_gmt":"2024-12-20T15:36:16","slug":"vasque-encastree-ceramique-noir","status":"publish","type":"product","link":"https:\/\/marouti.ma\/index.php\/product\/vasque-encastree-ceramique-noir\/","title":{"rendered":"Vasque Encastr\u00e9e C\u00e9ramique Noir"},"content":{"rendered":"<ul>\n<li class=\"a-spacing-mini\"><span class=\"a-list-item\">Vasque \u00e0 encastrer\u00a0 noir mat\u00a0<\/span><\/li>\n<li class=\"a-spacing-mini\"><span class=\"a-list-item\">vasque en forme rectangulaire avec per\u00e7age pour robinet et trop-plein<\/span><\/li>\n<li class=\"a-spacing-mini\"><span class=\"a-list-item\">Facile \u00e0 installer, raccordement de robinet, bonde et siphon standard<\/span><\/li>\n<li class=\"a-spacing-mini\"><span class=\"a-list-item\">Fabriqu\u00e9 en r\u00e9sine de synth\u00e8se gris noir mat, robuste et solide<\/span><\/li>\n<li>Vasque Encastr\u00e9e C\u00e9ramique Noir<\/li>\n<li>Dimensions: 805*406*165mm<\/li>\n<\/ul>\n","protected":false},"excerpt":{"rendered":"<p>Vasque \u00e0 encastrer\u00a0 noir mat\u00a0 vasque en forme rectangulaire avec per\u00e7age pour robinet et trop-plein Facile \u00e0 installer, raccordement de<\/p>\n","protected":false},"featured_media":17301,"comment_status":"open","ping_status":"closed","template":"","meta":{"_themeisle_gutenberg_block_has_review":false,"_joinchat":[]},"product_cat":[589],"product_tag":[],"_links":{"self":[{"href":"https:\/\/marouti.ma\/index.php\/wp-json\/wp\/v2\/product\/17096"}],"collection":[{"href":"https:\/\/marouti.ma\/index.php\/wp-json\/wp\/v2\/product"}],"about":[{"href":"https:\/\/marouti.ma\/index.php\/wp-json\/wp\/v2\/types\/product"}],"replies":[{"embeddable":true,"href":"https:\/\/marouti.ma\/index.php\/wp-json\/wp\/v2\/comments?post=17096"}],"version-history":[{"count":3,"href":"https:\/\/marouti.ma\/index.php\/wp-json\/wp\/v2\/product\/17096\/revisions"}],"predecessor-version":[{"id":17736,"href":"https:\/\/marouti.ma\/index.php\/wp-json\/wp\/v2\/product\/17096\/revisions\/17736"}],"wp:featuredmedia":[{"embeddable":true,"href":"https:\/\/marouti.ma\/index.php\/wp-json\/wp\/v2\/media\/17301"}],"wp:attachment":[{"href":"https:\/\/marouti.ma\/index.php\/wp-json\/wp\/v2\/media?parent=17096"}],"wp:term":[{"taxonomy":"product_cat","embeddable":true,"href":"https:\/\/marouti.ma\/index.php\/wp-json\/wp\/v2\/product_cat?post=17096"},{"taxonomy":"product_tag","embeddable":true,"href":"https:\/\/marouti.ma\/index.php\/wp-json\/wp\/v2\/product_tag?post=17096"}],"curies":[{"name":"wp","href":"https:\/\/api.w.org\/{rel}","templated":true}]}}