{"id":17091,"date":"2024-03-09T12:03:01","date_gmt":"2024-03-09T12:03:01","guid":{"rendered":"https:\/\/marouti.ma\/?post_type=product&#038;p=17091"},"modified":"2024-12-20T17:20:57","modified_gmt":"2024-12-20T17:20:57","slug":"vasque-encastree-ceramique-blanche","status":"publish","type":"product","link":"https:\/\/marouti.ma\/index.php\/product\/vasque-encastree-ceramique-blanche\/","title":{"rendered":"Vasque Encastr\u00e9e C\u00e9ramique Blanche"},"content":{"rendered":"<ul>\n<li>vasque <strong>encastr\u00e9 en c\u00e9ramique<\/strong> de forme rectangulaire. il\u00a0 est pos\u00e9 sur un plan de travail \u00e0 l&rsquo;aspect bois.<\/li>\n<li>vasque\u00a0 est de couleur blanche et pr\u00e9sente une finition lisse et brillante.<\/li>\n<li>Un robinet chrom\u00e9 est install\u00e9 sur le lavabo.<\/li>\n<li>L&rsquo;ensemble donne une impression de modernit\u00e9 et d&rsquo;\u00e9l\u00e9gance.<\/li>\n<li>Vasque Encastr\u00e9e C\u00e9ramique Blanche<\/li>\n<li>Dimensions: 805*406*165mm<\/li>\n<\/ul>\n","protected":false},"excerpt":{"rendered":"<p>vasque encastr\u00e9 en c\u00e9ramique de forme rectangulaire. il\u00a0 est pos\u00e9 sur un plan de travail \u00e0 l&rsquo;aspect bois. vasque\u00a0 est<\/p>\n","protected":false},"featured_media":17304,"comment_status":"open","ping_status":"closed","template":"","meta":{"_themeisle_gutenberg_block_has_review":false,"_joinchat":[]},"product_cat":[588],"product_tag":[],"_links":{"self":[{"href":"https:\/\/marouti.ma\/index.php\/wp-json\/wp\/v2\/product\/17091"}],"collection":[{"href":"https:\/\/marouti.ma\/index.php\/wp-json\/wp\/v2\/product"}],"about":[{"href":"https:\/\/marouti.ma\/index.php\/wp-json\/wp\/v2\/types\/product"}],"replies":[{"embeddable":true,"href":"https:\/\/marouti.ma\/index.php\/wp-json\/wp\/v2\/comments?post=17091"}],"version-history":[{"count":3,"href":"https:\/\/marouti.ma\/index.php\/wp-json\/wp\/v2\/product\/17091\/revisions"}],"predecessor-version":[{"id":17739,"href":"https:\/\/marouti.ma\/index.php\/wp-json\/wp\/v2\/product\/17091\/revisions\/17739"}],"wp:featuredmedia":[{"embeddable":true,"href":"https:\/\/marouti.ma\/index.php\/wp-json\/wp\/v2\/media\/17304"}],"wp:attachment":[{"href":"https:\/\/marouti.ma\/index.php\/wp-json\/wp\/v2\/media?parent=17091"}],"wp:term":[{"taxonomy":"product_cat","embeddable":true,"href":"https:\/\/marouti.ma\/index.php\/wp-json\/wp\/v2\/product_cat?post=17091"},{"taxonomy":"product_tag","embeddable":true,"href":"https:\/\/marouti.ma\/index.php\/wp-json\/wp\/v2\/product_tag?post=17091"}],"curies":[{"name":"wp","href":"https:\/\/api.w.org\/{rel}","templated":true}]}}