{"id":17021,"date":"2024-03-08T17:02:11","date_gmt":"2024-03-08T17:02:11","guid":{"rendered":"https:\/\/marouti.ma\/?post_type=product&#038;p=17021"},"modified":"2024-12-21T09:21:07","modified_gmt":"2024-12-21T09:21:07","slug":"vasque-ronde-a-poser-en-cuivre","status":"publish","type":"product","link":"https:\/\/marouti.ma\/index.php\/product\/vasque-ronde-a-poser-en-cuivre\/","title":{"rendered":"Vasque ronde \u00e0 poser en cuivre"},"content":{"rendered":"<ul>\n<li>\n<p data-sourcepos=\"1:1-1:91\">un <strong>lavabo \u00e0 poser<\/strong> de salle de bain au design contemporain et luxueux.<\/p>\n<ul data-sourcepos=\"5:1-10:0\">\n<li data-sourcepos=\"5:1-5:56\"><strong>Forme:<\/strong>\u00a0Rond, offrant un aspect doux et harmonieux<\/li>\n<\/ul>\n<ul data-sourcepos=\"5:1-10:0\">\n<li data-sourcepos=\"6:1-6:68\"><strong>Mat\u00e9riau:<\/strong> C\u00e9ramique, un mat\u00e9riau durable et facile \u00e0 nettoyer.<\/li>\n<li data-sourcepos=\"7:1-7:108\"><strong>Finition:<\/strong> Dor\u00e9e brillante, apportant une touche d&rsquo;\u00e9l\u00e9gance et de sophistication \u00e0 toute salle de bain.<\/li>\n<li data-sourcepos=\"8:1-8:85\"><strong>Installation:<\/strong> \u00c0 poser sur un plan de travail, ce qui facilite son installation.<\/li>\n<li data-sourcepos=\"9:1-10:0\"><strong>Style:<\/strong> Moderne et luxueux, ce lavabo s&rsquo;int\u00e9grera parfaitement dans les salles de bain au design contemporain.<\/li>\n<\/ul>\n<\/li>\n<li>\u00c9vier de forme circulaire \u00e0 installer en cuivre.<\/li>\n<li>Dimensions: 445*445*135<\/li>\n<\/ul>\n","protected":false},"excerpt":{"rendered":"<p>un lavabo \u00e0 poser de salle de bain au design contemporain et luxueux. Forme:\u00a0Rond, offrant un aspect doux et harmonieux<\/p>\n","protected":false},"featured_media":17352,"comment_status":"open","ping_status":"closed","template":"","meta":{"_themeisle_gutenberg_block_has_review":false,"_joinchat":[]},"product_cat":[584],"product_tag":[],"_links":{"self":[{"href":"https:\/\/marouti.ma\/index.php\/wp-json\/wp\/v2\/product\/17021"}],"collection":[{"href":"https:\/\/marouti.ma\/index.php\/wp-json\/wp\/v2\/product"}],"about":[{"href":"https:\/\/marouti.ma\/index.php\/wp-json\/wp\/v2\/types\/product"}],"replies":[{"embeddable":true,"href":"https:\/\/marouti.ma\/index.php\/wp-json\/wp\/v2\/comments?post=17021"}],"version-history":[{"count":3,"href":"https:\/\/marouti.ma\/index.php\/wp-json\/wp\/v2\/product\/17021\/revisions"}],"predecessor-version":[{"id":17744,"href":"https:\/\/marouti.ma\/index.php\/wp-json\/wp\/v2\/product\/17021\/revisions\/17744"}],"wp:featuredmedia":[{"embeddable":true,"href":"https:\/\/marouti.ma\/index.php\/wp-json\/wp\/v2\/media\/17352"}],"wp:attachment":[{"href":"https:\/\/marouti.ma\/index.php\/wp-json\/wp\/v2\/media?parent=17021"}],"wp:term":[{"taxonomy":"product_cat","embeddable":true,"href":"https:\/\/marouti.ma\/index.php\/wp-json\/wp\/v2\/product_cat?post=17021"},{"taxonomy":"product_tag","embeddable":true,"href":"https:\/\/marouti.ma\/index.php\/wp-json\/wp\/v2\/product_tag?post=17021"}],"curies":[{"name":"wp","href":"https:\/\/api.w.org\/{rel}","templated":true}]}}