{"id":17012,"date":"2024-03-08T16:13:22","date_gmt":"2024-03-08T16:13:22","guid":{"rendered":"https:\/\/marouti.ma\/?post_type=product&#038;p=17012"},"modified":"2024-12-21T09:57:24","modified_gmt":"2024-12-21T09:57:24","slug":"vasque-a-poser-crema-marfil","status":"publish","type":"product","link":"https:\/\/marouti.ma\/index.php\/product\/vasque-a-poser-crema-marfil\/","title":{"rendered":"Vasque \u00e0 poser Crema Marfil"},"content":{"rendered":"<div class=\"w-full text-token-text-primary\" data-testid=\"conversation-turn-41\">\n<div class=\"px-4 py-2 justify-center text-base md:gap-6 m-auto\">\n<div class=\"flex flex-1 text-base mx-auto gap-3 md:px-5 lg:px-1 xl:px-5 md:max-w-3xl lg:max-w-[40rem] xl:max-w-[48rem] group\">\n<div class=\"relative flex w-full flex-col agent-turn\">\n<div class=\"flex-col gap-1 md:gap-3\">\n<div class=\"flex flex-grow flex-col max-w-full\">\n<div class=\"min-h-[20px] text-message flex flex-col items-start gap-3 whitespace-pre-wrap break-words [.text-message+&amp;]:mt-5 overflow-x-auto\" data-message-author-role=\"assistant\" data-message-id=\"ba9f5a6d-2703-451b-b430-36975dd3ae9e\">\n<div class=\"markdown prose w-full break-words dark:prose-invert light\">\n<ul>\n<li>n <strong>vasque \u00e0 poser<\/strong> pour salle de bain, au design \u00e9l\u00e9gant et intemporel.<\/li>\n<li data-sourcepos=\"5:1-5:59\"><strong>Forme:<\/strong> Ovale, offrant une ligne douce et harmonieuse.<\/li>\n<li data-sourcepos=\"6:1-6:96\"><strong>Mat\u00e9riau:<\/strong> C\u00e9ramique, un mat\u00e9riau durable et facile \u00e0 nettoyer, imitant l&rsquo;aspect du marbre.<\/li>\n<li data-sourcepos=\"7:1-7:98\"><strong>Finition:<\/strong> Blanc vein\u00e9, rappelant la beaut\u00e9 naturelle du marbre, avec un effet de profondeur.<\/li>\n<li data-sourcepos=\"8:1-8:85\"><strong>Installation:<\/strong> \u00c0 poser sur un plan de travail, ce qui facilite son installation.<\/li>\n<li data-sourcepos=\"9:1-10:0\"><strong>Style:<\/strong> Classique et intemporel, ce lavabo s&rsquo;int\u00e9grera parfaitement dans les salles de bain au design traditionnel ou contemporain.<\/li>\n<li>\u00c9vier de type pos\u00e9 fabriqu\u00e9 en marbre Crema Marfil.<\/li>\n<li>Dimensions : 480*340*145<\/li>\n<\/ul>\n<\/div>\n<\/div>\n<\/div>\n<\/div>\n<\/div>\n<\/div>\n<\/div>\n<\/div>\n","protected":false},"excerpt":{"rendered":"<p>n vasque \u00e0 poser pour salle de bain, au design \u00e9l\u00e9gant et intemporel. Forme: Ovale, offrant une ligne douce et<\/p>\n","protected":false},"featured_media":17371,"comment_status":"open","ping_status":"closed","template":"","meta":{"_themeisle_gutenberg_block_has_review":false,"_joinchat":[]},"product_cat":[581],"product_tag":[],"_links":{"self":[{"href":"https:\/\/marouti.ma\/index.php\/wp-json\/wp\/v2\/product\/17012"}],"collection":[{"href":"https:\/\/marouti.ma\/index.php\/wp-json\/wp\/v2\/product"}],"about":[{"href":"https:\/\/marouti.ma\/index.php\/wp-json\/wp\/v2\/types\/product"}],"replies":[{"embeddable":true,"href":"https:\/\/marouti.ma\/index.php\/wp-json\/wp\/v2\/comments?post=17012"}],"version-history":[{"count":4,"href":"https:\/\/marouti.ma\/index.php\/wp-json\/wp\/v2\/product\/17012\/revisions"}],"predecessor-version":[{"id":17749,"href":"https:\/\/marouti.ma\/index.php\/wp-json\/wp\/v2\/product\/17012\/revisions\/17749"}],"wp:featuredmedia":[{"embeddable":true,"href":"https:\/\/marouti.ma\/index.php\/wp-json\/wp\/v2\/media\/17371"}],"wp:attachment":[{"href":"https:\/\/marouti.ma\/index.php\/wp-json\/wp\/v2\/media?parent=17012"}],"wp:term":[{"taxonomy":"product_cat","embeddable":true,"href":"https:\/\/marouti.ma\/index.php\/wp-json\/wp\/v2\/product_cat?post=17012"},{"taxonomy":"product_tag","embeddable":true,"href":"https:\/\/marouti.ma\/index.php\/wp-json\/wp\/v2\/product_tag?post=17012"}],"curies":[{"name":"wp","href":"https:\/\/api.w.org\/{rel}","templated":true}]}}