{"id":17007,"date":"2024-03-08T16:04:23","date_gmt":"2024-03-08T16:04:23","guid":{"rendered":"https:\/\/marouti.ma\/?post_type=product&#038;p=17007"},"modified":"2024-12-21T09:59:35","modified_gmt":"2024-12-21T09:59:35","slug":"vasque-a-poser-en-marbre-crema-marfil","status":"publish","type":"product","link":"https:\/\/marouti.ma\/index.php\/product\/vasque-a-poser-en-marbre-crema-marfil\/","title":{"rendered":"Vasque \u00e0 poser en Marbre Crema Marfil"},"content":{"rendered":"<ul>\n<li>\n<p data-sourcepos=\"1:1-1:92\">une <strong>vasque \u00e0 poser<\/strong> pour salle de bain, au design \u00e9l\u00e9gant et intemporel.<\/p>\n<ul data-sourcepos=\"5:1-10:0\">\n<li data-sourcepos=\"5:1-5:59\"><strong>Forme:<\/strong> Ovale, offrant une ligne douce et harmonieuse.<\/li>\n<li data-sourcepos=\"6:1-6:96\"><strong>Mat\u00e9riau:<\/strong> C\u00e9ramique, un mat\u00e9riau durable et facile \u00e0 nettoyer, imitant l&rsquo;aspect du marbre.<\/li>\n<li data-sourcepos=\"7:1-7:98\"><strong>Finition:<\/strong> Blanc vein\u00e9, rappelant la beaut\u00e9 naturelle du marbre, avec un effet de profondeur.<\/li>\n<li data-sourcepos=\"8:1-8:85\"><strong>Installation:<\/strong> \u00c0 poser sur un plan de travail, ce qui facilite son installation.<\/li>\n<li data-sourcepos=\"9:1-10:0\"><strong>Style:<\/strong> Classique et intemporel, ce lavabo s&rsquo;int\u00e9grera parfaitement dans les salles de bain au design traditionnel ou contemporain<\/li>\n<\/ul>\n<\/li>\n<li>\u00c9vier de type pos\u00e9 fabriqu\u00e9 en marbre Crema Marfil.<\/li>\n<li>Dimensions: 600*405*155<\/li>\n<\/ul>\n","protected":false},"excerpt":{"rendered":"<p>une vasque \u00e0 poser pour salle de bain, au design \u00e9l\u00e9gant et intemporel. Forme: Ovale, offrant une ligne douce et<\/p>\n","protected":false},"featured_media":17375,"comment_status":"open","ping_status":"closed","template":"","meta":{"_themeisle_gutenberg_block_has_review":false,"_joinchat":[]},"product_cat":[581],"product_tag":[],"_links":{"self":[{"href":"https:\/\/marouti.ma\/index.php\/wp-json\/wp\/v2\/product\/17007"}],"collection":[{"href":"https:\/\/marouti.ma\/index.php\/wp-json\/wp\/v2\/product"}],"about":[{"href":"https:\/\/marouti.ma\/index.php\/wp-json\/wp\/v2\/types\/product"}],"replies":[{"embeddable":true,"href":"https:\/\/marouti.ma\/index.php\/wp-json\/wp\/v2\/comments?post=17007"}],"version-history":[{"count":3,"href":"https:\/\/marouti.ma\/index.php\/wp-json\/wp\/v2\/product\/17007\/revisions"}],"predecessor-version":[{"id":17750,"href":"https:\/\/marouti.ma\/index.php\/wp-json\/wp\/v2\/product\/17007\/revisions\/17750"}],"wp:featuredmedia":[{"embeddable":true,"href":"https:\/\/marouti.ma\/index.php\/wp-json\/wp\/v2\/media\/17375"}],"wp:attachment":[{"href":"https:\/\/marouti.ma\/index.php\/wp-json\/wp\/v2\/media?parent=17007"}],"wp:term":[{"taxonomy":"product_cat","embeddable":true,"href":"https:\/\/marouti.ma\/index.php\/wp-json\/wp\/v2\/product_cat?post=17007"},{"taxonomy":"product_tag","embeddable":true,"href":"https:\/\/marouti.ma\/index.php\/wp-json\/wp\/v2\/product_tag?post=17007"}],"curies":[{"name":"wp","href":"https:\/\/api.w.org\/{rel}","templated":true}]}}