{"id":16992,"date":"2024-03-08T11:04:17","date_gmt":"2024-03-08T11:04:17","guid":{"rendered":"https:\/\/marouti.ma\/?post_type=product&#038;p=16992"},"modified":"2024-12-21T10:31:04","modified_gmt":"2024-12-21T10:31:04","slug":"vasque-rectangulaire-avec-fixation-murale-2","status":"publish","type":"product","link":"https:\/\/marouti.ma\/index.php\/product\/vasque-rectangulaire-avec-fixation-murale-2\/","title":{"rendered":"Vasque rectangulaire avec fixation murale"},"content":{"rendered":"<ul>\n<li>un <strong>lavabo \u00e0 poser<\/strong> de salle de bain au design contemporain et \u00e9pur\u00e9.<\/li>\n<li data-sourcepos=\"7:1-7:94\"><strong>Forme:<\/strong> Rectangulaire, avec des lignes douces et arrondies pour un aspect plus organique.<\/li>\n<li data-sourcepos=\"8:1-8:79\"><strong>Mat\u00e9riau:<\/strong> C\u00e9ramique, un mat\u00e9riau durable, r\u00e9sistant et facile \u00e0 nettoyer.<\/li>\n<li data-sourcepos=\"9:1-9:78\"><strong>Finition:<\/strong> Blanc brillant, une couleur intemporelle et facile \u00e0 associer.<\/li>\n<li data-sourcepos=\"10:1-10:85\"><strong>Installation:<\/strong> \u00c0 poser sur un plan de travail, ce qui facilite son installation.<\/li>\n<li data-sourcepos=\"11:1-12:0\"><strong>Style:<\/strong> Contemporain et minimaliste, ce lavabo s&rsquo;int\u00e9grera parfaitement dans les salles de bain au design moderne.<\/li>\n<li>Vasque rectangulaire avec fixation murale<\/li>\n<li>Dimensions 625*395*120<\/li>\n<\/ul>\n","protected":false},"excerpt":{"rendered":"<p>un lavabo \u00e0 poser de salle de bain au design contemporain et \u00e9pur\u00e9. Forme: Rectangulaire, avec des lignes douces et<\/p>\n","protected":false},"featured_media":17388,"comment_status":"open","ping_status":"closed","template":"","meta":{"_themeisle_gutenberg_block_has_review":false,"_joinchat":[]},"product_cat":[585],"product_tag":[],"_links":{"self":[{"href":"https:\/\/marouti.ma\/index.php\/wp-json\/wp\/v2\/product\/16992"}],"collection":[{"href":"https:\/\/marouti.ma\/index.php\/wp-json\/wp\/v2\/product"}],"about":[{"href":"https:\/\/marouti.ma\/index.php\/wp-json\/wp\/v2\/types\/product"}],"replies":[{"embeddable":true,"href":"https:\/\/marouti.ma\/index.php\/wp-json\/wp\/v2\/comments?post=16992"}],"version-history":[{"count":3,"href":"https:\/\/marouti.ma\/index.php\/wp-json\/wp\/v2\/product\/16992\/revisions"}],"predecessor-version":[{"id":17753,"href":"https:\/\/marouti.ma\/index.php\/wp-json\/wp\/v2\/product\/16992\/revisions\/17753"}],"wp:featuredmedia":[{"embeddable":true,"href":"https:\/\/marouti.ma\/index.php\/wp-json\/wp\/v2\/media\/17388"}],"wp:attachment":[{"href":"https:\/\/marouti.ma\/index.php\/wp-json\/wp\/v2\/media?parent=16992"}],"wp:term":[{"taxonomy":"product_cat","embeddable":true,"href":"https:\/\/marouti.ma\/index.php\/wp-json\/wp\/v2\/product_cat?post=16992"},{"taxonomy":"product_tag","embeddable":true,"href":"https:\/\/marouti.ma\/index.php\/wp-json\/wp\/v2\/product_tag?post=16992"}],"curies":[{"name":"wp","href":"https:\/\/api.w.org\/{rel}","templated":true}]}}