{"id":16980,"date":"2024-03-08T10:48:57","date_gmt":"2024-03-08T10:48:57","guid":{"rendered":"https:\/\/marouti.ma\/?post_type=product&#038;p=16980"},"modified":"2024-12-21T10:49:24","modified_gmt":"2024-12-21T10:49:24","slug":"vasque-encastree-blanche","status":"publish","type":"product","link":"https:\/\/marouti.ma\/index.php\/product\/vasque-encastree-blanche\/","title":{"rendered":"Vasque encastr\u00e9e Blanche"},"content":{"rendered":"<ul>\n<li>un <strong>lavabo \u00e0 poser<\/strong> de salle de bain au design simple et classique<\/li>\n<li data-sourcepos=\"7:1-7:63\"><strong>Forme:<\/strong> Rectangulaire, avec des lignes droites et \u00e9pur\u00e9es.<\/li>\n<li data-sourcepos=\"8:1-8:79\"><strong>Mat\u00e9riau:<\/strong> C\u00e9ramique, un mat\u00e9riau durable, r\u00e9sistant et facile \u00e0 nettoyer.<\/li>\n<li data-sourcepos=\"9:1-9:97\"><strong>Finition:<\/strong> Blanc \u00e0 l&rsquo;int\u00e9rieur et beige \u00e0 l&rsquo;ext\u00e9rieur, offrant un contraste doux et \u00e9l\u00e9gant.<\/li>\n<li data-sourcepos=\"10:1-10:85\"><strong>Installation:<\/strong> \u00c0 poser sur un plan de travail, ce qui facilite son installation.<\/li>\n<li data-sourcepos=\"11:1-12:0\"><strong>Style:<\/strong> Classique et intemporel, ce lavabo s&rsquo;int\u00e9grera parfaitement dans les salles de bain au design traditionnel ou contemporain.<\/li>\n<li>\u00c9vier encastr\u00e9 de couleur blanche.<\/li>\n<li>Dimensions: 530*370*200<\/li>\n<\/ul>\n","protected":false},"excerpt":{"rendered":"<p>un lavabo \u00e0 poser de salle de bain au design simple et classique Forme: Rectangulaire, avec des lignes droites et<\/p>\n","protected":false},"featured_media":17264,"comment_status":"open","ping_status":"closed","template":"","meta":{"_themeisle_gutenberg_block_has_review":false,"_joinchat":[]},"product_cat":[590,587],"product_tag":[],"_links":{"self":[{"href":"https:\/\/marouti.ma\/index.php\/wp-json\/wp\/v2\/product\/16980"}],"collection":[{"href":"https:\/\/marouti.ma\/index.php\/wp-json\/wp\/v2\/product"}],"about":[{"href":"https:\/\/marouti.ma\/index.php\/wp-json\/wp\/v2\/types\/product"}],"replies":[{"embeddable":true,"href":"https:\/\/marouti.ma\/index.php\/wp-json\/wp\/v2\/comments?post=16980"}],"version-history":[{"count":3,"href":"https:\/\/marouti.ma\/index.php\/wp-json\/wp\/v2\/product\/16980\/revisions"}],"predecessor-version":[{"id":17756,"href":"https:\/\/marouti.ma\/index.php\/wp-json\/wp\/v2\/product\/16980\/revisions\/17756"}],"wp:featuredmedia":[{"embeddable":true,"href":"https:\/\/marouti.ma\/index.php\/wp-json\/wp\/v2\/media\/17264"}],"wp:attachment":[{"href":"https:\/\/marouti.ma\/index.php\/wp-json\/wp\/v2\/media?parent=16980"}],"wp:term":[{"taxonomy":"product_cat","embeddable":true,"href":"https:\/\/marouti.ma\/index.php\/wp-json\/wp\/v2\/product_cat?post=16980"},{"taxonomy":"product_tag","embeddable":true,"href":"https:\/\/marouti.ma\/index.php\/wp-json\/wp\/v2\/product_tag?post=16980"}],"curies":[{"name":"wp","href":"https:\/\/api.w.org\/{rel}","templated":true}]}}