{"id":16968,"date":"2024-03-08T09:48:47","date_gmt":"2024-03-08T09:48:47","guid":{"rendered":"https:\/\/marouti.ma\/?post_type=product&#038;p=16968"},"modified":"2024-12-21T11:08:38","modified_gmt":"2024-12-21T11:08:38","slug":"vasque-carree-a-poser-blanche","status":"publish","type":"product","link":"https:\/\/marouti.ma\/index.php\/product\/vasque-carree-a-poser-blanche\/","title":{"rendered":"Vasque carr\u00e9e \u00e0 poser blanche"},"content":{"rendered":"<ul>\n<li>un <strong>vasque \u00e0 poser<\/strong> de salle de bain au design moderne et \u00e9pur\u00e9.<\/li>\n<li data-sourcepos=\"7:1-7:65\"><strong>Forme:<\/strong> Carr\u00e9e, offrant un look g\u00e9om\u00e9trique et contemporain.<\/li>\n<li data-sourcepos=\"8:1-8:79\"><strong>Mat\u00e9riau:<\/strong> C\u00e9ramique, un mat\u00e9riau durable, r\u00e9sistant et facile \u00e0 nettoyer.<\/li>\n<li data-sourcepos=\"9:1-9:78\"><strong>Finition:<\/strong> Blanc brillant, une couleur intemporelle et facile \u00e0 associer.<\/li>\n<li data-sourcepos=\"10:1-10:85\"><strong>Installation:<\/strong> \u00c0 poser sur un plan de travail, ce qui facilite son installation.<\/li>\n<li data-sourcepos=\"11:1-12:0\"><strong>Style:<\/strong> Contemporain et minimaliste, ce lavabo s&rsquo;int\u00e9grera parfaitement dans les salles de bain au design moderne.<\/li>\n<li>nt dans les salles de bain au design moderne.<\/li>\n<li>Vasque \u00e0 poser carr\u00e9e de couleur blanche.<\/li>\n<li>Dimensions: 425*425*120<\/li>\n<\/ul>\n","protected":false},"excerpt":{"rendered":"<p>un vasque \u00e0 poser de salle de bain au design moderne et \u00e9pur\u00e9. Forme: Carr\u00e9e, offrant un look g\u00e9om\u00e9trique et<\/p>\n","protected":false},"featured_media":17323,"comment_status":"open","ping_status":"closed","template":"","meta":{"_themeisle_gutenberg_block_has_review":false,"_joinchat":[]},"product_cat":[583,580],"product_tag":[],"_links":{"self":[{"href":"https:\/\/marouti.ma\/index.php\/wp-json\/wp\/v2\/product\/16968"}],"collection":[{"href":"https:\/\/marouti.ma\/index.php\/wp-json\/wp\/v2\/product"}],"about":[{"href":"https:\/\/marouti.ma\/index.php\/wp-json\/wp\/v2\/types\/product"}],"replies":[{"embeddable":true,"href":"https:\/\/marouti.ma\/index.php\/wp-json\/wp\/v2\/comments?post=16968"}],"version-history":[{"count":3,"href":"https:\/\/marouti.ma\/index.php\/wp-json\/wp\/v2\/product\/16968\/revisions"}],"predecessor-version":[{"id":17762,"href":"https:\/\/marouti.ma\/index.php\/wp-json\/wp\/v2\/product\/16968\/revisions\/17762"}],"wp:featuredmedia":[{"embeddable":true,"href":"https:\/\/marouti.ma\/index.php\/wp-json\/wp\/v2\/media\/17323"}],"wp:attachment":[{"href":"https:\/\/marouti.ma\/index.php\/wp-json\/wp\/v2\/media?parent=16968"}],"wp:term":[{"taxonomy":"product_cat","embeddable":true,"href":"https:\/\/marouti.ma\/index.php\/wp-json\/wp\/v2\/product_cat?post=16968"},{"taxonomy":"product_tag","embeddable":true,"href":"https:\/\/marouti.ma\/index.php\/wp-json\/wp\/v2\/product_tag?post=16968"}],"curies":[{"name":"wp","href":"https:\/\/api.w.org\/{rel}","templated":true}]}}