{"id":16963,"date":"2024-03-08T09:14:15","date_gmt":"2024-03-08T09:14:15","guid":{"rendered":"https:\/\/marouti.ma\/?post_type=product&#038;p=16963"},"modified":"2024-12-21T11:11:45","modified_gmt":"2024-12-21T11:11:45","slug":"vasque-a-poser-ronde-forme-lotus","status":"publish","type":"product","link":"https:\/\/marouti.ma\/index.php\/product\/vasque-a-poser-ronde-forme-lotus\/","title":{"rendered":"Vasque \u00e0 poser ronde Forme Lotus"},"content":{"rendered":"<ul>\n<li>un <strong>vasque \u00e0 poser<\/strong> de salle de bain au design original et \u00e9l\u00e9gant.<\/li>\n<li data-sourcepos=\"7:1-7:79\"><strong>Forme:<\/strong> Ronde et ondul\u00e9e, \u00e9voquant la forme d&rsquo;une fleur ou d&rsquo;une coquille.<\/li>\n<li data-sourcepos=\"8:1-8:79\"><strong>Mat\u00e9riau:<\/strong> C\u00e9ramique, un mat\u00e9riau durable, r\u00e9sistant et facile \u00e0 nettoyer.<\/li>\n<li data-sourcepos=\"9:1-9:78\"><strong>Finition:<\/strong> Blanc brillant, une couleur intemporelle et facile \u00e0 associer.<\/li>\n<li data-sourcepos=\"10:1-10:85\"><strong>Installation:<\/strong> \u00c0 poser sur un plan de travail, ce qui facilite son installation.<\/li>\n<li data-sourcepos=\"11:1-12:0\"><strong>Style:<\/strong> Contemporain et original, ce lavabo apportera une touche d&rsquo;\u00e9l\u00e9gance et de naturel \u00e0 votre salle de bain.<\/li>\n<li>\u00c9vier de salle de bain en forme de lotus, \u00e0 poser, de forme ronde et unique.<\/li>\n<li>Dimensions: 46*46*170mm<\/li>\n<\/ul>\n<p>&nbsp;<\/p>\n","protected":false},"excerpt":{"rendered":"<p>un vasque \u00e0 poser de salle de bain au design original et \u00e9l\u00e9gant. Forme: Ronde et ondul\u00e9e, \u00e9voquant la forme<\/p>\n","protected":false},"featured_media":17313,"comment_status":"open","ping_status":"closed","template":"","meta":{"_themeisle_gutenberg_block_has_review":false,"_joinchat":[]},"product_cat":[583,580],"product_tag":[],"_links":{"self":[{"href":"https:\/\/marouti.ma\/index.php\/wp-json\/wp\/v2\/product\/16963"}],"collection":[{"href":"https:\/\/marouti.ma\/index.php\/wp-json\/wp\/v2\/product"}],"about":[{"href":"https:\/\/marouti.ma\/index.php\/wp-json\/wp\/v2\/types\/product"}],"replies":[{"embeddable":true,"href":"https:\/\/marouti.ma\/index.php\/wp-json\/wp\/v2\/comments?post=16963"}],"version-history":[{"count":3,"href":"https:\/\/marouti.ma\/index.php\/wp-json\/wp\/v2\/product\/16963\/revisions"}],"predecessor-version":[{"id":17764,"href":"https:\/\/marouti.ma\/index.php\/wp-json\/wp\/v2\/product\/16963\/revisions\/17764"}],"wp:featuredmedia":[{"embeddable":true,"href":"https:\/\/marouti.ma\/index.php\/wp-json\/wp\/v2\/media\/17313"}],"wp:attachment":[{"href":"https:\/\/marouti.ma\/index.php\/wp-json\/wp\/v2\/media?parent=16963"}],"wp:term":[{"taxonomy":"product_cat","embeddable":true,"href":"https:\/\/marouti.ma\/index.php\/wp-json\/wp\/v2\/product_cat?post=16963"},{"taxonomy":"product_tag","embeddable":true,"href":"https:\/\/marouti.ma\/index.php\/wp-json\/wp\/v2\/product_tag?post=16963"}],"curies":[{"name":"wp","href":"https:\/\/api.w.org\/{rel}","templated":true}]}}