{"id":16955,"date":"2024-03-07T17:05:59","date_gmt":"2024-03-07T17:05:59","guid":{"rendered":"https:\/\/marouti.ma\/?post_type=product&#038;p=16955"},"modified":"2024-12-21T11:30:06","modified_gmt":"2024-12-21T11:30:06","slug":"vasque-a-poser-ronde-blanche-2","status":"publish","type":"product","link":"https:\/\/marouti.ma\/index.php\/product\/vasque-a-poser-ronde-blanche-2\/","title":{"rendered":"Vasque \u00e0 poser ronde Blanche"},"content":{"rendered":"<ul>\n<li>vasque \u00e0 poser, de forme ronde et aux lignes \u00e9pur\u00e9es<\/li>\n<li>Vasque \u00e0 poser ronde Blanche<\/li>\n<li data-sourcepos=\"7:1-7:111\"><strong>Forme organique :<\/strong> La forme ronde et l\u00e9g\u00e8rement bomb\u00e9e du lavabo lui donne un aspect doux et contemporain.<\/li>\n<li data-sourcepos=\"8:1-8:163\"><strong>Mat\u00e9riau :<\/strong> La c\u00e9ramique est un mat\u00e9riau tr\u00e8s appr\u00e9ci\u00e9 pour les lavabos en raison de sa durabilit\u00e9, de sa r\u00e9sistance aux taches et de sa facilit\u00e9 d&rsquo;entretien.<\/li>\n<li data-sourcepos=\"9:1-9:90\"><strong>Installation :<\/strong> Ce type de lavabo se pose sur un plan de travail ou un meuble vasque.<\/li>\n<li data-sourcepos=\"10:1-11:0\"><strong>Esth\u00e9tique :<\/strong> Le design minimaliste de ce lavabo en fait un \u00e9l\u00e9ment central de la salle de bain, tout en laissant une grande libert\u00e9 dans le choix des autres \u00e9l\u00e9ments<\/li>\n<li>Dimensions: 515*515*170<\/li>\n<\/ul>\n","protected":false},"excerpt":{"rendered":"<p>vasque \u00e0 poser, de forme ronde et aux lignes \u00e9pur\u00e9es Vasque \u00e0 poser ronde Blanche Forme organique : La forme<\/p>\n","protected":false},"featured_media":17325,"comment_status":"open","ping_status":"closed","template":"","meta":{"_themeisle_gutenberg_block_has_review":false,"_joinchat":[]},"product_cat":[583,580],"product_tag":[],"_links":{"self":[{"href":"https:\/\/marouti.ma\/index.php\/wp-json\/wp\/v2\/product\/16955"}],"collection":[{"href":"https:\/\/marouti.ma\/index.php\/wp-json\/wp\/v2\/product"}],"about":[{"href":"https:\/\/marouti.ma\/index.php\/wp-json\/wp\/v2\/types\/product"}],"replies":[{"embeddable":true,"href":"https:\/\/marouti.ma\/index.php\/wp-json\/wp\/v2\/comments?post=16955"}],"version-history":[{"count":3,"href":"https:\/\/marouti.ma\/index.php\/wp-json\/wp\/v2\/product\/16955\/revisions"}],"predecessor-version":[{"id":17768,"href":"https:\/\/marouti.ma\/index.php\/wp-json\/wp\/v2\/product\/16955\/revisions\/17768"}],"wp:featuredmedia":[{"embeddable":true,"href":"https:\/\/marouti.ma\/index.php\/wp-json\/wp\/v2\/media\/17325"}],"wp:attachment":[{"href":"https:\/\/marouti.ma\/index.php\/wp-json\/wp\/v2\/media?parent=16955"}],"wp:term":[{"taxonomy":"product_cat","embeddable":true,"href":"https:\/\/marouti.ma\/index.php\/wp-json\/wp\/v2\/product_cat?post=16955"},{"taxonomy":"product_tag","embeddable":true,"href":"https:\/\/marouti.ma\/index.php\/wp-json\/wp\/v2\/product_tag?post=16955"}],"curies":[{"name":"wp","href":"https:\/\/api.w.org\/{rel}","templated":true}]}}