{"id":16950,"date":"2024-03-07T16:45:39","date_gmt":"2024-03-07T16:45:39","guid":{"rendered":"https:\/\/marouti.ma\/?post_type=product&#038;p=16950"},"modified":"2024-12-21T11:47:02","modified_gmt":"2024-12-21T11:47:02","slug":"vasque-a-poser-ovale-mat-gris-clair","status":"publish","type":"product","link":"https:\/\/marouti.ma\/index.php\/product\/vasque-a-poser-ovale-mat-gris-clair\/","title":{"rendered":"Vasque \u00e0 poser ovale mat gris clair"},"content":{"rendered":"<ul>\n<li><strong>Forme:<\/strong> Le vasque est de forme ovale, ce qui lui conf\u00e8re un aspect contemporain et \u00e9l\u00e9gant.<\/li>\n<li data-sourcepos=\"6:1-6:142\"><strong>Couleur:<\/strong> Le vasque est de couleur grise, une teinte neutre et intemporelle qui s&rsquo;int\u00e9grera facilement \u00e0 diff\u00e9rents styles de d\u00e9coration.<\/li>\n<li data-sourcepos=\"7:1-7:135\"><strong>Mat\u00e9riau:<\/strong> Le vasque semble \u00eatre en c\u00e9ramique, un mat\u00e9riau r\u00e9sistant et facile \u00e0 nettoyer, couramment utilis\u00e9 pour les sanitaires.<\/li>\n<li>Dimensions: 480*340*145mm<\/li>\n<\/ul>\n","protected":false},"excerpt":{"rendered":"<p>Forme: Le vasque est de forme ovale, ce qui lui conf\u00e8re un aspect contemporain et \u00e9l\u00e9gant. Couleur: Le vasque est<\/p>\n","protected":false},"featured_media":17356,"comment_status":"open","ping_status":"closed","template":"","meta":{"_themeisle_gutenberg_block_has_review":false,"_joinchat":[]},"product_cat":[584],"product_tag":[],"_links":{"self":[{"href":"https:\/\/marouti.ma\/index.php\/wp-json\/wp\/v2\/product\/16950"}],"collection":[{"href":"https:\/\/marouti.ma\/index.php\/wp-json\/wp\/v2\/product"}],"about":[{"href":"https:\/\/marouti.ma\/index.php\/wp-json\/wp\/v2\/types\/product"}],"replies":[{"embeddable":true,"href":"https:\/\/marouti.ma\/index.php\/wp-json\/wp\/v2\/comments?post=16950"}],"version-history":[{"count":2,"href":"https:\/\/marouti.ma\/index.php\/wp-json\/wp\/v2\/product\/16950\/revisions"}],"predecessor-version":[{"id":17770,"href":"https:\/\/marouti.ma\/index.php\/wp-json\/wp\/v2\/product\/16950\/revisions\/17770"}],"wp:featuredmedia":[{"embeddable":true,"href":"https:\/\/marouti.ma\/index.php\/wp-json\/wp\/v2\/media\/17356"}],"wp:attachment":[{"href":"https:\/\/marouti.ma\/index.php\/wp-json\/wp\/v2\/media?parent=16950"}],"wp:term":[{"taxonomy":"product_cat","embeddable":true,"href":"https:\/\/marouti.ma\/index.php\/wp-json\/wp\/v2\/product_cat?post=16950"},{"taxonomy":"product_tag","embeddable":true,"href":"https:\/\/marouti.ma\/index.php\/wp-json\/wp\/v2\/product_tag?post=16950"}],"curies":[{"name":"wp","href":"https:\/\/api.w.org\/{rel}","templated":true}]}}