{"id":16930,"date":"2024-03-07T15:36:24","date_gmt":"2024-03-07T15:36:24","guid":{"rendered":"https:\/\/marouti.ma\/?post_type=product&#038;p=16930"},"modified":"2024-12-21T11:55:37","modified_gmt":"2024-12-21T11:55:37","slug":"vasque-a-poser-en-marbre-gris","status":"publish","type":"product","link":"https:\/\/marouti.ma\/index.php\/product\/vasque-a-poser-en-marbre-gris\/","title":{"rendered":"Vasque \u00e0 poser en marbre Gris"},"content":{"rendered":"<ul>\n<li>Vasque \u00e0 poser en marbre Gris<\/li>\n<li data-sourcepos=\"5:1-5:109\"><strong>Forme:<\/strong> Le vasque poss\u00e8de une forme rectangulaire arrondie aux coins, offrant un aspect doux et moderne.<\/li>\n<li data-sourcepos=\"6:1-6:230\"><strong>Mat\u00e9riau:<\/strong> Le vasque semble \u00eatre fabriqu\u00e9 \u00e0 partir de pierre naturelle ou d&rsquo;un mat\u00e9riau composite imitant la pierre, comme la r\u00e9sine de pierre.<\/li>\n<li data-sourcepos=\"7:1-7:249\"><strong>Couleur:<\/strong> La couleur dominante du vasque est un gris clair, apportant une touche de luminosit\u00e9 et de s\u00e9r\u00e9nit\u00e9 \u00e0 la salle de bain.<\/li>\n<li data-sourcepos=\"8:1-8:124\"><strong>Finition:<\/strong> La surface du vasque semble avoir une finition mate, ce qui lui conf\u00e8re un aspect soyeux et doux au toucher.<\/li>\n<li>Dimensions: 455*325*135<\/li>\n<\/ul>\n","protected":false},"excerpt":{"rendered":"<p>Vasque \u00e0 poser en marbre Gris Forme: Le vasque poss\u00e8de une forme rectangulaire arrondie aux coins, offrant un aspect doux<\/p>\n","protected":false},"featured_media":17378,"comment_status":"open","ping_status":"closed","template":"","meta":{"_themeisle_gutenberg_block_has_review":false,"_joinchat":[]},"product_cat":[582,581],"product_tag":[],"_links":{"self":[{"href":"https:\/\/marouti.ma\/index.php\/wp-json\/wp\/v2\/product\/16930"}],"collection":[{"href":"https:\/\/marouti.ma\/index.php\/wp-json\/wp\/v2\/product"}],"about":[{"href":"https:\/\/marouti.ma\/index.php\/wp-json\/wp\/v2\/types\/product"}],"replies":[{"embeddable":true,"href":"https:\/\/marouti.ma\/index.php\/wp-json\/wp\/v2\/comments?post=16930"}],"version-history":[{"count":3,"href":"https:\/\/marouti.ma\/index.php\/wp-json\/wp\/v2\/product\/16930\/revisions"}],"predecessor-version":[{"id":17771,"href":"https:\/\/marouti.ma\/index.php\/wp-json\/wp\/v2\/product\/16930\/revisions\/17771"}],"wp:featuredmedia":[{"embeddable":true,"href":"https:\/\/marouti.ma\/index.php\/wp-json\/wp\/v2\/media\/17378"}],"wp:attachment":[{"href":"https:\/\/marouti.ma\/index.php\/wp-json\/wp\/v2\/media?parent=16930"}],"wp:term":[{"taxonomy":"product_cat","embeddable":true,"href":"https:\/\/marouti.ma\/index.php\/wp-json\/wp\/v2\/product_cat?post=16930"},{"taxonomy":"product_tag","embeddable":true,"href":"https:\/\/marouti.ma\/index.php\/wp-json\/wp\/v2\/product_tag?post=16930"}],"curies":[{"name":"wp","href":"https:\/\/api.w.org\/{rel}","templated":true}]}}