{"id":16916,"date":"2024-03-07T12:09:25","date_gmt":"2024-03-07T12:09:25","guid":{"rendered":"https:\/\/marouti.ma\/?post_type=product&#038;p=16916"},"modified":"2024-12-21T12:17:41","modified_gmt":"2024-12-21T12:17:41","slug":"vasque-a-poser-carre-noir-mat","status":"publish","type":"product","link":"https:\/\/marouti.ma\/index.php\/product\/vasque-a-poser-carre-noir-mat\/","title":{"rendered":"Vasque \u00e0 poser Carre noir mat"},"content":{"rendered":"<ul>\n<li>Vasque \u00e0 poser Carre noir mat<\/li>\n<li data-sourcepos=\"5:1-5:193\"><strong>Forme:<\/strong> Le vasque poss\u00e8de une forme carr\u00e9e, ce qui lui conf\u00e8re un aspect g\u00e9om\u00e9trique et contemporain.<\/li>\n<li data-sourcepos=\"6:1-6:214\"><strong>Mat\u00e9riau:<\/strong> Le vasque semble \u00eatre fabriqu\u00e9 en c\u00e9ramique, un mat\u00e9riau r\u00e9sistant et facile \u00e0 nettoyer, couramment utilis\u00e9 pour les sanitaires.<\/li>\n<li data-sourcepos=\"7:1-7:228\"><strong>Couleur:<\/strong> Le vasque est de couleur noire, une teinte intemporelle et \u00e9l\u00e9gante qui apporte une touche de sophistication \u00e0 la salle de bain<\/li>\n<li>Dimensions: 360*360*130mm<\/li>\n<\/ul>\n","protected":false},"excerpt":{"rendered":"<p>Vasque \u00e0 poser Carre noir mat Forme: Le vasque poss\u00e8de une forme carr\u00e9e, ce qui lui conf\u00e8re un aspect g\u00e9om\u00e9trique<\/p>\n","protected":false},"featured_media":17362,"comment_status":"open","ping_status":"closed","template":"","meta":{"_themeisle_gutenberg_block_has_review":false,"_joinchat":[]},"product_cat":[584],"product_tag":[],"_links":{"self":[{"href":"https:\/\/marouti.ma\/index.php\/wp-json\/wp\/v2\/product\/16916"}],"collection":[{"href":"https:\/\/marouti.ma\/index.php\/wp-json\/wp\/v2\/product"}],"about":[{"href":"https:\/\/marouti.ma\/index.php\/wp-json\/wp\/v2\/types\/product"}],"replies":[{"embeddable":true,"href":"https:\/\/marouti.ma\/index.php\/wp-json\/wp\/v2\/comments?post=16916"}],"version-history":[{"count":4,"href":"https:\/\/marouti.ma\/index.php\/wp-json\/wp\/v2\/product\/16916\/revisions"}],"predecessor-version":[{"id":17775,"href":"https:\/\/marouti.ma\/index.php\/wp-json\/wp\/v2\/product\/16916\/revisions\/17775"}],"wp:featuredmedia":[{"embeddable":true,"href":"https:\/\/marouti.ma\/index.php\/wp-json\/wp\/v2\/media\/17362"}],"wp:attachment":[{"href":"https:\/\/marouti.ma\/index.php\/wp-json\/wp\/v2\/media?parent=16916"}],"wp:term":[{"taxonomy":"product_cat","embeddable":true,"href":"https:\/\/marouti.ma\/index.php\/wp-json\/wp\/v2\/product_cat?post=16916"},{"taxonomy":"product_tag","embeddable":true,"href":"https:\/\/marouti.ma\/index.php\/wp-json\/wp\/v2\/product_tag?post=16916"}],"curies":[{"name":"wp","href":"https:\/\/api.w.org\/{rel}","templated":true}]}}