{"id":16909,"date":"2024-03-07T11:48:43","date_gmt":"2024-03-07T11:48:43","guid":{"rendered":"https:\/\/marouti.ma\/?post_type=product&#038;p=16909"},"modified":"2024-12-21T12:24:19","modified_gmt":"2024-12-21T12:24:19","slug":"vasque-a-poser-ovale-blanc","status":"publish","type":"product","link":"https:\/\/marouti.ma\/index.php\/product\/vasque-a-poser-ovale-blanc\/","title":{"rendered":"Vasque \u00e0 poser Ovale Blanc"},"content":{"rendered":"<ul>\n<li>un lavabo de salle de bain au design \u00e9pur\u00e9 et contemporain.<\/li>\n<li data-sourcepos=\"5:1-5:172\"><strong>Forme:<\/strong> Le lavabo poss\u00e8de une forme ovale, ce qui lui conf\u00e8re un aspect doux et arrondi. Cette forme est tr\u00e8s appr\u00e9ci\u00e9e pour son esth\u00e9tisme et sa facilit\u00e9 d&rsquo;entretien.<\/li>\n<li data-sourcepos=\"6:1-6:218\"><strong>Mat\u00e9riau:<\/strong> Le lavabo semble \u00eatre fabriqu\u00e9 en c\u00e9ramique, un mat\u00e9riau tr\u00e8s courant dans la fabrication de sanitaires. La c\u00e9ramique est connue pour sa durabilit\u00e9, sa r\u00e9sistance aux taches et sa facilit\u00e9 d&rsquo;entretien.<\/li>\n<li data-sourcepos=\"7:1-7:222\"><strong>Couleur:<\/strong> Le lavabo est de couleur blanche, une couleur intemporelle et polyvalente qui s&rsquo;adapte \u00e0 tous les styles de d\u00e9coration. Le blanc agrandit visuellement l&rsquo;espace et apporte de la luminosit\u00e9 \u00e0 la salle de bain.<\/li>\n<li data-sourcepos=\"8:1-8:122\"><strong>Finition:<\/strong> La finition semble \u00eatre brillante, ce qui facilite le nettoyage et donne un aspect plus luxueux au lavabo.<\/li>\n<li>Dimensions: 520*320*150MM<\/li>\n<\/ul>\n","protected":false},"excerpt":{"rendered":"<p>un lavabo de salle de bain au design \u00e9pur\u00e9 et contemporain. Forme: Le lavabo poss\u00e8de une forme ovale, ce qui<\/p>\n","protected":false},"featured_media":17315,"comment_status":"open","ping_status":"closed","template":"","meta":{"_themeisle_gutenberg_block_has_review":false,"_joinchat":[]},"product_cat":[580],"product_tag":[],"_links":{"self":[{"href":"https:\/\/marouti.ma\/index.php\/wp-json\/wp\/v2\/product\/16909"}],"collection":[{"href":"https:\/\/marouti.ma\/index.php\/wp-json\/wp\/v2\/product"}],"about":[{"href":"https:\/\/marouti.ma\/index.php\/wp-json\/wp\/v2\/types\/product"}],"replies":[{"embeddable":true,"href":"https:\/\/marouti.ma\/index.php\/wp-json\/wp\/v2\/comments?post=16909"}],"version-history":[{"count":3,"href":"https:\/\/marouti.ma\/index.php\/wp-json\/wp\/v2\/product\/16909\/revisions"}],"predecessor-version":[{"id":17777,"href":"https:\/\/marouti.ma\/index.php\/wp-json\/wp\/v2\/product\/16909\/revisions\/17777"}],"wp:featuredmedia":[{"embeddable":true,"href":"https:\/\/marouti.ma\/index.php\/wp-json\/wp\/v2\/media\/17315"}],"wp:attachment":[{"href":"https:\/\/marouti.ma\/index.php\/wp-json\/wp\/v2\/media?parent=16909"}],"wp:term":[{"taxonomy":"product_cat","embeddable":true,"href":"https:\/\/marouti.ma\/index.php\/wp-json\/wp\/v2\/product_cat?post=16909"},{"taxonomy":"product_tag","embeddable":true,"href":"https:\/\/marouti.ma\/index.php\/wp-json\/wp\/v2\/product_tag?post=16909"}],"curies":[{"name":"wp","href":"https:\/\/api.w.org\/{rel}","templated":true}]}}