{"id":16897,"date":"2024-03-07T11:12:29","date_gmt":"2024-03-07T11:12:29","guid":{"rendered":"https:\/\/marouti.ma\/?post_type=product&#038;p=16897"},"modified":"2024-12-23T09:04:56","modified_gmt":"2024-12-23T09:04:56","slug":"vasque-a-poser-ronde-blanche","status":"publish","type":"product","link":"https:\/\/marouti.ma\/index.php\/product\/vasque-a-poser-ronde-blanche\/","title":{"rendered":"Vasque \u00e0 poser Ronde Blanche"},"content":{"rendered":"<ul>\n<li>un vasque de conception moderne.<\/li>\n<li>Il s&rsquo;agit d&rsquo;un mod\u00e8le rond et peu profond, fabriqu\u00e9 en c\u00e9ramique blanche.<\/li>\n<li>Le lavabo est pos\u00e9 sur un plan de travail, sugg\u00e9rant une installation en vasque.<\/li>\n<li>Vasque \u00e0 poser Ronde Blanche<\/li>\n<li>Dimensions: 400*400*145<\/li>\n<\/ul>\n","protected":false},"excerpt":{"rendered":"<p>un vasque de conception moderne. Il s&rsquo;agit d&rsquo;un mod\u00e8le rond et peu profond, fabriqu\u00e9 en c\u00e9ramique blanche. Le lavabo est<\/p>\n","protected":false},"featured_media":17327,"comment_status":"open","ping_status":"closed","template":"","meta":{"_themeisle_gutenberg_block_has_review":false,"_joinchat":[]},"product_cat":[583,580],"product_tag":[],"_links":{"self":[{"href":"https:\/\/marouti.ma\/index.php\/wp-json\/wp\/v2\/product\/16897"}],"collection":[{"href":"https:\/\/marouti.ma\/index.php\/wp-json\/wp\/v2\/product"}],"about":[{"href":"https:\/\/marouti.ma\/index.php\/wp-json\/wp\/v2\/types\/product"}],"replies":[{"embeddable":true,"href":"https:\/\/marouti.ma\/index.php\/wp-json\/wp\/v2\/comments?post=16897"}],"version-history":[{"count":3,"href":"https:\/\/marouti.ma\/index.php\/wp-json\/wp\/v2\/product\/16897\/revisions"}],"predecessor-version":[{"id":17779,"href":"https:\/\/marouti.ma\/index.php\/wp-json\/wp\/v2\/product\/16897\/revisions\/17779"}],"wp:featuredmedia":[{"embeddable":true,"href":"https:\/\/marouti.ma\/index.php\/wp-json\/wp\/v2\/media\/17327"}],"wp:attachment":[{"href":"https:\/\/marouti.ma\/index.php\/wp-json\/wp\/v2\/media?parent=16897"}],"wp:term":[{"taxonomy":"product_cat","embeddable":true,"href":"https:\/\/marouti.ma\/index.php\/wp-json\/wp\/v2\/product_cat?post=16897"},{"taxonomy":"product_tag","embeddable":true,"href":"https:\/\/marouti.ma\/index.php\/wp-json\/wp\/v2\/product_tag?post=16897"}],"curies":[{"name":"wp","href":"https:\/\/api.w.org\/{rel}","templated":true}]}}