{"id":16893,"date":"2024-03-07T11:00:34","date_gmt":"2024-03-07T11:00:34","guid":{"rendered":"https:\/\/marouti.ma\/?post_type=product&#038;p=16893"},"modified":"2024-12-23T09:07:54","modified_gmt":"2024-12-23T09:07:54","slug":"vasque-a-poser-blanche-ovale","status":"publish","type":"product","link":"https:\/\/marouti.ma\/index.php\/product\/vasque-a-poser-blanche-ovale\/","title":{"rendered":"Vasque \u00e0 poser Blanche Ovale"},"content":{"rendered":"<ul>\n<li>Vasque\u00a0 en c\u00e9ramique pr\u00e9sente un design ovale \u00e9pur\u00e9 et contemporain.<\/li>\n<li>Sa forme organique et douce lui conf\u00e8re une allure \u00e0 la fois \u00e9l\u00e9gante et intemporelle.<\/li>\n<li>La finition blanche brillante du vasque apporte une touche de luminosit\u00e9 et de puret\u00e9 \u00e0 votre salle de bains.<\/li>\n<li>Vasque \u00e0 poser Blanche Ovale<\/li>\n<li>Dimensions: 600*405*155<\/li>\n<\/ul>\n","protected":false},"excerpt":{"rendered":"<p>Vasque\u00a0 en c\u00e9ramique pr\u00e9sente un design ovale \u00e9pur\u00e9 et contemporain. Sa forme organique et douce lui conf\u00e8re une allure \u00e0<\/p>\n","protected":false},"featured_media":17332,"comment_status":"open","ping_status":"closed","template":"","meta":{"_themeisle_gutenberg_block_has_review":false,"_joinchat":[]},"product_cat":[580],"product_tag":[],"_links":{"self":[{"href":"https:\/\/marouti.ma\/index.php\/wp-json\/wp\/v2\/product\/16893"}],"collection":[{"href":"https:\/\/marouti.ma\/index.php\/wp-json\/wp\/v2\/product"}],"about":[{"href":"https:\/\/marouti.ma\/index.php\/wp-json\/wp\/v2\/types\/product"}],"replies":[{"embeddable":true,"href":"https:\/\/marouti.ma\/index.php\/wp-json\/wp\/v2\/comments?post=16893"}],"version-history":[{"count":3,"href":"https:\/\/marouti.ma\/index.php\/wp-json\/wp\/v2\/product\/16893\/revisions"}],"predecessor-version":[{"id":17781,"href":"https:\/\/marouti.ma\/index.php\/wp-json\/wp\/v2\/product\/16893\/revisions\/17781"}],"wp:featuredmedia":[{"embeddable":true,"href":"https:\/\/marouti.ma\/index.php\/wp-json\/wp\/v2\/media\/17332"}],"wp:attachment":[{"href":"https:\/\/marouti.ma\/index.php\/wp-json\/wp\/v2\/media?parent=16893"}],"wp:term":[{"taxonomy":"product_cat","embeddable":true,"href":"https:\/\/marouti.ma\/index.php\/wp-json\/wp\/v2\/product_cat?post=16893"},{"taxonomy":"product_tag","embeddable":true,"href":"https:\/\/marouti.ma\/index.php\/wp-json\/wp\/v2\/product_tag?post=16893"}],"curies":[{"name":"wp","href":"https:\/\/api.w.org\/{rel}","templated":true}]}}