{"id":16888,"date":"2024-03-07T10:58:09","date_gmt":"2024-03-07T10:58:09","guid":{"rendered":"https:\/\/marouti.ma\/?post_type=product&#038;p=16888"},"modified":"2024-12-23T09:10:52","modified_gmt":"2024-12-23T09:10:52","slug":"vasque-ovale-a-poser-blanc-carrare","status":"publish","type":"product","link":"https:\/\/marouti.ma\/index.php\/product\/vasque-ovale-a-poser-blanc-carrare\/","title":{"rendered":"Vasque Ovale \u00e0 poser Blanc Carrare"},"content":{"rendered":"<ul>\n<li>Vasque Ovale \u00e0 poser Blanc Carrare<\/li>\n<li>Le vasque en c\u00e9ramique pr\u00e9sente un design ovale \u00e9pur\u00e9 et contemporain, rehauss\u00e9 par un effet marbr\u00e9 qui lui conf\u00e8re une allure luxueuse et naturelle.<\/li>\n<li>La combinaison du blanc pur et des veines dor\u00e9es \u00e9voque la beaut\u00e9 du marbre, ajoutant une touche d&rsquo;\u00e9l\u00e9gance \u00e0 votre salle de bains.<\/li>\n<li>Dimensions: 600*405*155<\/li>\n<\/ul>\n","protected":false},"excerpt":{"rendered":"<p>Vasque Ovale \u00e0 poser Blanc Carrare Le vasque en c\u00e9ramique pr\u00e9sente un design ovale \u00e9pur\u00e9 et contemporain, rehauss\u00e9 par un<\/p>\n","protected":false},"featured_media":17386,"comment_status":"open","ping_status":"closed","template":"","meta":{"_themeisle_gutenberg_block_has_review":false,"_joinchat":[]},"product_cat":[581],"product_tag":[],"_links":{"self":[{"href":"https:\/\/marouti.ma\/index.php\/wp-json\/wp\/v2\/product\/16888"}],"collection":[{"href":"https:\/\/marouti.ma\/index.php\/wp-json\/wp\/v2\/product"}],"about":[{"href":"https:\/\/marouti.ma\/index.php\/wp-json\/wp\/v2\/types\/product"}],"replies":[{"embeddable":true,"href":"https:\/\/marouti.ma\/index.php\/wp-json\/wp\/v2\/comments?post=16888"}],"version-history":[{"count":3,"href":"https:\/\/marouti.ma\/index.php\/wp-json\/wp\/v2\/product\/16888\/revisions"}],"predecessor-version":[{"id":17783,"href":"https:\/\/marouti.ma\/index.php\/wp-json\/wp\/v2\/product\/16888\/revisions\/17783"}],"wp:featuredmedia":[{"embeddable":true,"href":"https:\/\/marouti.ma\/index.php\/wp-json\/wp\/v2\/media\/17386"}],"wp:attachment":[{"href":"https:\/\/marouti.ma\/index.php\/wp-json\/wp\/v2\/media?parent=16888"}],"wp:term":[{"taxonomy":"product_cat","embeddable":true,"href":"https:\/\/marouti.ma\/index.php\/wp-json\/wp\/v2\/product_cat?post=16888"},{"taxonomy":"product_tag","embeddable":true,"href":"https:\/\/marouti.ma\/index.php\/wp-json\/wp\/v2\/product_tag?post=16888"}],"curies":[{"name":"wp","href":"https:\/\/api.w.org\/{rel}","templated":true}]}}