{"id":16882,"date":"2024-03-07T10:44:28","date_gmt":"2024-03-07T10:44:28","guid":{"rendered":"https:\/\/marouti.ma\/?post_type=product&#038;p=16882"},"modified":"2024-12-23T09:13:17","modified_gmt":"2024-12-23T09:13:17","slug":"lavabo-de-salle-de-bain-en-ceramique-blanc-coin","status":"publish","type":"product","link":"https:\/\/marouti.ma\/index.php\/product\/lavabo-de-salle-de-bain-en-ceramique-blanc-coin\/","title":{"rendered":"Lavabo de salle de bain en c\u00e9ramique blanc coin"},"content":{"rendered":"<div class=\"flex-1 overflow-hidden\">\n<div class=\"react-scroll-to-bottom--css-pqfae-79elbk h-full\">\n<div class=\"react-scroll-to-bottom--css-pqfae-1n7m0yu\">\n<div class=\"flex flex-col text-sm pb-9\">\n<div class=\"w-full text-token-text-primary\" data-testid=\"conversation-turn-17\">\n<div class=\"px-4 py-2 justify-center text-base md:gap-6 m-auto\">\n<div class=\"flex flex-1 text-base mx-auto gap-3 md:px-5 lg:px-1 xl:px-5 md:max-w-3xl lg:max-w-[40rem] xl:max-w-[48rem] group final-completion\">\n<div class=\"relative flex w-full flex-col agent-turn\">\n<div class=\"flex-col gap-1 md:gap-3\">\n<div class=\"flex flex-grow flex-col max-w-full\">\n<div class=\"min-h-[20px] text-message flex flex-col items-start gap-3 whitespace-pre-wrap break-words [.text-message+&amp;]:mt-5 overflow-x-auto\" data-message-author-role=\"assistant\" data-message-id=\"6d531f73-9ddb-467f-8ec5-713dcb27b6a9\">\n<div class=\"markdown prose w-full break-words dark:prose-invert light\">\n<ul>\n<li>Ce lavabo d&rsquo;angle en c\u00e9ramique pr\u00e9sente un design compact et fonctionnel, id\u00e9al pour les espaces restreints tels que les toilettes, les buanderies ou les petits appartements.<\/li>\n<li>Sa forme triangulaire permet d&rsquo;optimiser l&rsquo;utilisation des coins et d&rsquo;ajouter une touche d&rsquo;originalit\u00e9 \u00e0 votre salle de bains.<\/li>\n<li>Lavabo d&rsquo;angle en c\u00e9ramique blanc.<\/li>\n<li>Dimensions: 435*320*130<\/li>\n<\/ul>\n<\/div>\n<\/div>\n<\/div>\n<\/div>\n<\/div>\n<\/div>\n<\/div>\n<\/div>\n<\/div>\n<\/div>\n<\/div>\n<\/div>\n","protected":false},"excerpt":{"rendered":"<p>Ce lavabo d&rsquo;angle en c\u00e9ramique pr\u00e9sente un design compact et fonctionnel, id\u00e9al pour les espaces restreints tels que les toilettes,<\/p>\n","protected":false},"featured_media":17395,"comment_status":"open","ping_status":"closed","template":"","meta":{"_themeisle_gutenberg_block_has_review":false,"_joinchat":[]},"product_cat":[585],"product_tag":[],"_links":{"self":[{"href":"https:\/\/marouti.ma\/index.php\/wp-json\/wp\/v2\/product\/16882"}],"collection":[{"href":"https:\/\/marouti.ma\/index.php\/wp-json\/wp\/v2\/product"}],"about":[{"href":"https:\/\/marouti.ma\/index.php\/wp-json\/wp\/v2\/types\/product"}],"replies":[{"embeddable":true,"href":"https:\/\/marouti.ma\/index.php\/wp-json\/wp\/v2\/comments?post=16882"}],"version-history":[{"count":3,"href":"https:\/\/marouti.ma\/index.php\/wp-json\/wp\/v2\/product\/16882\/revisions"}],"predecessor-version":[{"id":17785,"href":"https:\/\/marouti.ma\/index.php\/wp-json\/wp\/v2\/product\/16882\/revisions\/17785"}],"wp:featuredmedia":[{"embeddable":true,"href":"https:\/\/marouti.ma\/index.php\/wp-json\/wp\/v2\/media\/17395"}],"wp:attachment":[{"href":"https:\/\/marouti.ma\/index.php\/wp-json\/wp\/v2\/media?parent=16882"}],"wp:term":[{"taxonomy":"product_cat","embeddable":true,"href":"https:\/\/marouti.ma\/index.php\/wp-json\/wp\/v2\/product_cat?post=16882"},{"taxonomy":"product_tag","embeddable":true,"href":"https:\/\/marouti.ma\/index.php\/wp-json\/wp\/v2\/product_tag?post=16882"}],"curies":[{"name":"wp","href":"https:\/\/api.w.org\/{rel}","templated":true}]}}