{"id":16870,"date":"2024-03-07T10:31:37","date_gmt":"2024-03-07T10:31:37","guid":{"rendered":"https:\/\/marouti.ma\/?post_type=product&#038;p=16870"},"modified":"2024-12-23T09:16:33","modified_gmt":"2024-12-23T09:16:33","slug":"vasque-carree-a-poser-blanc-carrare","status":"publish","type":"product","link":"https:\/\/marouti.ma\/index.php\/product\/vasque-carree-a-poser-blanc-carrare\/","title":{"rendered":"Vasque carr\u00e9e \u00e0 poser Blanc Carrare"},"content":{"rendered":"<div class=\"flex-1 overflow-hidden\">\n<div class=\"react-scroll-to-bottom--css-pqfae-79elbk h-full\">\n<div class=\"react-scroll-to-bottom--css-pqfae-1n7m0yu\">\n<div class=\"flex flex-col text-sm pb-9\">\n<div class=\"w-full text-token-text-primary\" data-testid=\"conversation-turn-9\">\n<div class=\"px-4 py-2 justify-center text-base md:gap-6 m-auto\">\n<div class=\"flex flex-1 text-base mx-auto gap-3 md:px-5 lg:px-1 xl:px-5 md:max-w-3xl lg:max-w-[40rem] xl:max-w-[48rem] group final-completion\">\n<div class=\"relative flex w-full flex-col agent-turn\">\n<div class=\"flex-col gap-1 md:gap-3\">\n<div class=\"flex flex-grow flex-col max-w-full\">\n<div class=\"min-h-[20px] text-message flex flex-col items-start gap-3 whitespace-pre-wrap break-words [.text-message+&amp;]:mt-5 overflow-x-auto\" data-message-author-role=\"assistant\" data-message-id=\"0599047d-338d-4b95-9142-0a5005740e00\">\n<div class=\"markdown prose w-full break-words dark:prose-invert light\">\n<ul>\n<li>Le vasque en c\u00e9ramique pr\u00e9sente un design rectangulaire \u00e9pur\u00e9 et contemporain, rehauss\u00e9 par un effet marbr\u00e9 qui lui conf\u00e8re une allure luxueuse et intemporelle.<\/li>\n<li>La combinaison du blanc pur et des veines dor\u00e9es \u00e9voque la beaut\u00e9 du marbre, ajoutant une touche d&rsquo;\u00e9l\u00e9gance \u00e0 votre salle de bains.<\/li>\n<li>Vasque carr\u00e9e \u00e0 poser Blanc Carrare.<\/li>\n<li>Dimensions: 455*325*135<\/li>\n<\/ul>\n<\/div>\n<\/div>\n<\/div>\n<div class=\"pr-2 lg:pr-0\"><\/div>\n<\/div>\n<\/div>\n<\/div>\n<\/div>\n<\/div>\n<\/div>\n<\/div>\n<\/div>\n<\/div>\n<div class=\"w-full pt-2 md:pt-0 dark:border-white\/20 md:border-transparent md:dark:border-transparent md:w-[calc(100%-.5rem)]\">\n<form class=\"stretch mx-2 flex flex-row gap-3 last:mb-2 md:mx-4 md:last:mb-6 lg:mx-auto lg:max-w-2xl xl:max-w-3xl\">\n<div class=\"relative flex h-full flex-1 flex-col\">\n<div class=\"flex w-full items-center\"><\/div>\n<\/div>\n<\/form>\n<\/div>\n","protected":false},"excerpt":{"rendered":"<p>Le vasque en c\u00e9ramique pr\u00e9sente un design rectangulaire \u00e9pur\u00e9 et contemporain, rehauss\u00e9 par un effet marbr\u00e9 qui lui conf\u00e8re une<\/p>\n","protected":false},"featured_media":17380,"comment_status":"open","ping_status":"closed","template":"","meta":{"_themeisle_gutenberg_block_has_review":false,"_joinchat":[]},"product_cat":[581],"product_tag":[],"_links":{"self":[{"href":"https:\/\/marouti.ma\/index.php\/wp-json\/wp\/v2\/product\/16870"}],"collection":[{"href":"https:\/\/marouti.ma\/index.php\/wp-json\/wp\/v2\/product"}],"about":[{"href":"https:\/\/marouti.ma\/index.php\/wp-json\/wp\/v2\/types\/product"}],"replies":[{"embeddable":true,"href":"https:\/\/marouti.ma\/index.php\/wp-json\/wp\/v2\/comments?post=16870"}],"version-history":[{"count":3,"href":"https:\/\/marouti.ma\/index.php\/wp-json\/wp\/v2\/product\/16870\/revisions"}],"predecessor-version":[{"id":17787,"href":"https:\/\/marouti.ma\/index.php\/wp-json\/wp\/v2\/product\/16870\/revisions\/17787"}],"wp:featuredmedia":[{"embeddable":true,"href":"https:\/\/marouti.ma\/index.php\/wp-json\/wp\/v2\/media\/17380"}],"wp:attachment":[{"href":"https:\/\/marouti.ma\/index.php\/wp-json\/wp\/v2\/media?parent=16870"}],"wp:term":[{"taxonomy":"product_cat","embeddable":true,"href":"https:\/\/marouti.ma\/index.php\/wp-json\/wp\/v2\/product_cat?post=16870"},{"taxonomy":"product_tag","embeddable":true,"href":"https:\/\/marouti.ma\/index.php\/wp-json\/wp\/v2\/product_tag?post=16870"}],"curies":[{"name":"wp","href":"https:\/\/api.w.org\/{rel}","templated":true}]}}