{"id":16865,"date":"2024-03-07T10:20:17","date_gmt":"2024-03-07T10:20:17","guid":{"rendered":"https:\/\/marouti.ma\/?post_type=product&#038;p=16865"},"modified":"2024-12-23T09:27:22","modified_gmt":"2024-12-23T09:27:22","slug":"vasque-a-poser-marbre-deco","status":"publish","type":"product","link":"https:\/\/marouti.ma\/index.php\/product\/vasque-a-poser-marbre-deco\/","title":{"rendered":"Vasque \u00e0 poser Marbre Deco"},"content":{"rendered":"<ul>\n<li>Le vasque en c\u00e9ramique pr\u00e9sente un design rectangulaire \u00e9pur\u00e9 et contemporain, rehauss\u00e9 par un effet marbr\u00e9 qui lui conf\u00e8re une allure luxueuse et intemporelle.<\/li>\n<li>La combinaison du blanc pur et des veines dor\u00e9es \u00e9voque la beaut\u00e9 du marbre, ajoutant une touche d&rsquo;\u00e9l\u00e9gance \u00e0 votre salle de bains.<\/li>\n<li>Vasque \u00e0 poser Marbre Deco<\/li>\n<li>Dimensions: 455*325*135<\/li>\n<\/ul>\n","protected":false},"excerpt":{"rendered":"<p>Le vasque en c\u00e9ramique pr\u00e9sente un design rectangulaire \u00e9pur\u00e9 et contemporain, rehauss\u00e9 par un effet marbr\u00e9 qui lui conf\u00e8re une<\/p>\n","protected":false},"featured_media":16871,"comment_status":"open","ping_status":"closed","template":"","meta":{"_themeisle_gutenberg_block_has_review":false,"_joinchat":[]},"product_cat":[581],"product_tag":[],"_links":{"self":[{"href":"https:\/\/marouti.ma\/index.php\/wp-json\/wp\/v2\/product\/16865"}],"collection":[{"href":"https:\/\/marouti.ma\/index.php\/wp-json\/wp\/v2\/product"}],"about":[{"href":"https:\/\/marouti.ma\/index.php\/wp-json\/wp\/v2\/types\/product"}],"replies":[{"embeddable":true,"href":"https:\/\/marouti.ma\/index.php\/wp-json\/wp\/v2\/comments?post=16865"}],"version-history":[{"count":3,"href":"https:\/\/marouti.ma\/index.php\/wp-json\/wp\/v2\/product\/16865\/revisions"}],"predecessor-version":[{"id":17789,"href":"https:\/\/marouti.ma\/index.php\/wp-json\/wp\/v2\/product\/16865\/revisions\/17789"}],"wp:featuredmedia":[{"embeddable":true,"href":"https:\/\/marouti.ma\/index.php\/wp-json\/wp\/v2\/media\/16871"}],"wp:attachment":[{"href":"https:\/\/marouti.ma\/index.php\/wp-json\/wp\/v2\/media?parent=16865"}],"wp:term":[{"taxonomy":"product_cat","embeddable":true,"href":"https:\/\/marouti.ma\/index.php\/wp-json\/wp\/v2\/product_cat?post=16865"},{"taxonomy":"product_tag","embeddable":true,"href":"https:\/\/marouti.ma\/index.php\/wp-json\/wp\/v2\/product_tag?post=16865"}],"curies":[{"name":"wp","href":"https:\/\/api.w.org\/{rel}","templated":true}]}}