{"id":16855,"date":"2024-03-07T09:57:57","date_gmt":"2024-03-07T09:57:57","guid":{"rendered":"https:\/\/marouti.ma\/?post_type=product&#038;p=16855"},"modified":"2024-12-23T09:50:30","modified_gmt":"2024-12-23T09:50:30","slug":"vasque-a-poser-marron-imperial","status":"publish","type":"product","link":"https:\/\/marouti.ma\/index.php\/product\/vasque-a-poser-marron-imperial\/","title":{"rendered":"Vasque \u00e0 poser Marron imp\u00e9rial"},"content":{"rendered":"<ul>\n<li>Vasque \u00e0 poser Marron imp\u00e9rial<\/li>\n<li data-sourcepos=\"5:1-5:244\"><strong>Mat\u00e9riau :<\/strong> Le vasque semble \u00eatre confectionn\u00e9 en marbre, un mat\u00e9riau naturel r\u00e9put\u00e9 pour sa beaut\u00e9 et sa durabilit\u00e9. Les veines caract\u00e9ristiques du marbre, visibles dans les tons de brun, conf\u00e8rent \u00e0 ce lavabo un aspect unique et luxueux.<\/li>\n<li data-sourcepos=\"6:1-6:172\"><strong>Forme :<\/strong> De forme ovale, ce lavabo offre une ligne fluide et harmonieuse qui s&rsquo;int\u00e9grera facilement \u00e0 diff\u00e9rents styles de salle de bain, du classique au contemporain.<\/li>\n<li data-sourcepos=\"7:1-7:124\"><strong>Finition :<\/strong> La finition polie du marbre met en valeur les veines naturelles de la pierre et lui donne un \u00e9clat subtil.<\/li>\n<li data-sourcepos=\"8:1-9:0\"><strong>Installation :<\/strong> Le lavabo est pos\u00e9 sur un plan de travail, ce qui facilite son installation et son entretien.<\/li>\n<li>Dimensions: 600*405*155<\/li>\n<\/ul>\n","protected":false},"excerpt":{"rendered":"<p>Vasque \u00e0 poser Marron imp\u00e9rial Mat\u00e9riau : Le vasque semble \u00eatre confectionn\u00e9 en marbre, un mat\u00e9riau naturel r\u00e9put\u00e9 pour sa<\/p>\n","protected":false},"featured_media":17382,"comment_status":"open","ping_status":"closed","template":"","meta":{"_themeisle_gutenberg_block_has_review":false,"_joinchat":[]},"product_cat":[582,581],"product_tag":[],"_links":{"self":[{"href":"https:\/\/marouti.ma\/index.php\/wp-json\/wp\/v2\/product\/16855"}],"collection":[{"href":"https:\/\/marouti.ma\/index.php\/wp-json\/wp\/v2\/product"}],"about":[{"href":"https:\/\/marouti.ma\/index.php\/wp-json\/wp\/v2\/types\/product"}],"replies":[{"embeddable":true,"href":"https:\/\/marouti.ma\/index.php\/wp-json\/wp\/v2\/comments?post=16855"}],"version-history":[{"count":4,"href":"https:\/\/marouti.ma\/index.php\/wp-json\/wp\/v2\/product\/16855\/revisions"}],"predecessor-version":[{"id":17794,"href":"https:\/\/marouti.ma\/index.php\/wp-json\/wp\/v2\/product\/16855\/revisions\/17794"}],"wp:featuredmedia":[{"embeddable":true,"href":"https:\/\/marouti.ma\/index.php\/wp-json\/wp\/v2\/media\/17382"}],"wp:attachment":[{"href":"https:\/\/marouti.ma\/index.php\/wp-json\/wp\/v2\/media?parent=16855"}],"wp:term":[{"taxonomy":"product_cat","embeddable":true,"href":"https:\/\/marouti.ma\/index.php\/wp-json\/wp\/v2\/product_cat?post=16855"},{"taxonomy":"product_tag","embeddable":true,"href":"https:\/\/marouti.ma\/index.php\/wp-json\/wp\/v2\/product_tag?post=16855"}],"curies":[{"name":"wp","href":"https:\/\/api.w.org\/{rel}","templated":true}]}}