{"id":16242,"date":"2024-02-10T10:11:09","date_gmt":"2024-02-10T10:11:09","guid":{"rendered":"https:\/\/marouti.ma\/?post_type=product&#038;p=16242"},"modified":"2024-02-10T10:11:09","modified_gmt":"2024-02-10T10:11:09","slug":"robinet-de-cuisine-chrome","status":"publish","type":"product","link":"https:\/\/marouti.ma\/index.php\/product\/robinet-de-cuisine-chrome\/","title":{"rendered":"Robinet de Cuisine, Chrome"},"content":{"rendered":"<ul>\n<li>Robinet mitigeur de cuisine en nickel bross\u00e9.<\/li>\n<li>Rotation mitigeur d&rsquo;\u00e9vier \u00e0 poign\u00e9e unique pivotant \u00e0 360 degr\u00e9s.<\/li>\n<li>Robinet de cuisine avec tuyau d&rsquo;eau chaude et froide.<\/li>\n<li>Robinet de cuisine avec bec \u00e0 arc \u00e9lev\u00e9.<\/li>\n<\/ul>\n","protected":false},"excerpt":{"rendered":"<div class=\"item-photo\">\n<div class=\"info-above-pic\">\n<div class=\"top-info\">\n<div class=\"item-fav  favorite \" data-prm=\"1-2.3.305.0\" data-item_id=\"9597968\" aria-label=\"favorite icon\"><\/div>\n<\/div>\n<\/div>\n<\/div>\n<div class=\"item-infos detail-new-main-info litb\">\n<div class=\"item-infos-wrap\">\n<div class=\"title-wrap\">\n<div class=\"title-area fold\">Robinet de cuisine avec bec \u00e0 arc \u00e9lev\u00e9, mitigeur d&rsquo;\u00e9vier \u00e0 poign\u00e9e unique pivotant \u00e0 360 degr\u00e9s, robinet de cuisine avec tuyau d&rsquo;eau chaude et froide<\/div>\n<\/div>\n<\/div>\n<\/div>\n","protected":false},"featured_media":16248,"comment_status":"open","ping_status":"closed","template":"","meta":{"_themeisle_gutenberg_block_has_review":false,"_joinchat":[]},"product_cat":[563],"product_tag":[],"_links":{"self":[{"href":"https:\/\/marouti.ma\/index.php\/wp-json\/wp\/v2\/product\/16242"}],"collection":[{"href":"https:\/\/marouti.ma\/index.php\/wp-json\/wp\/v2\/product"}],"about":[{"href":"https:\/\/marouti.ma\/index.php\/wp-json\/wp\/v2\/types\/product"}],"replies":[{"embeddable":true,"href":"https:\/\/marouti.ma\/index.php\/wp-json\/wp\/v2\/comments?post=16242"}],"version-history":[{"count":1,"href":"https:\/\/marouti.ma\/index.php\/wp-json\/wp\/v2\/product\/16242\/revisions"}],"predecessor-version":[{"id":16250,"href":"https:\/\/marouti.ma\/index.php\/wp-json\/wp\/v2\/product\/16242\/revisions\/16250"}],"wp:featuredmedia":[{"embeddable":true,"href":"https:\/\/marouti.ma\/index.php\/wp-json\/wp\/v2\/media\/16248"}],"wp:attachment":[{"href":"https:\/\/marouti.ma\/index.php\/wp-json\/wp\/v2\/media?parent=16242"}],"wp:term":[{"taxonomy":"product_cat","embeddable":true,"href":"https:\/\/marouti.ma\/index.php\/wp-json\/wp\/v2\/product_cat?post=16242"},{"taxonomy":"product_tag","embeddable":true,"href":"https:\/\/marouti.ma\/index.php\/wp-json\/wp\/v2\/product_tag?post=16242"}],"curies":[{"name":"wp","href":"https:\/\/api.w.org\/{rel}","templated":true}]}}