{"id":16195,"date":"2024-02-09T17:08:10","date_gmt":"2024-02-09T17:08:10","guid":{"rendered":"https:\/\/marouti.ma\/?post_type=product&#038;p=16195"},"modified":"2024-02-09T17:13:37","modified_gmt":"2024-02-09T17:13:37","slug":"robinet-de-salle-de-bain-noir","status":"publish","type":"product","link":"https:\/\/marouti.ma\/index.php\/product\/robinet-de-salle-de-bain-noir\/","title":{"rendered":"Robinet noir pour salle de bain"},"content":{"rendered":"<ul>\n<li><strong>Robinet d&rsquo;eau chaude et froide :<\/strong> m\u00e9langeur d&rsquo;eau chaude et froide, r\u00e9glage de la temp\u00e9rature de l&rsquo;eau. La poign\u00e9e de levier plate, avec rotation, la temp\u00e9rature va de basse \u00e0 haute, le d\u00e9bit d&rsquo;eau de petit \u00e0 grand.<\/li>\n<li class=\"a-spacing-mini\"><strong><span class=\"a-list-item\">Robinets de bain noir\u00a0<\/span><\/strong><\/li>\n<li>Robinet de salle de bain, Robinets d&rsquo;\u00e9vier rotatifs multifonctions, Robinet cr\u00e9atif, Robinet mitigeur de lavabo noir froid et chaud, <span class=\"a-list-item\">Robinets tactiles<\/span><\/li>\n<li id=\"title\" class=\"a-size-large a-spacing-none\"><span id=\"productTitle\" class=\"a-size-large product-title-word-break\">Rotation du nez d&rsquo;\u00e9l\u00e9phant chaud et froid\u00a0<\/span><\/li>\n<li>Conception brevet\u00e9e : <strong>forme d&rsquo;\u00e9l\u00e9phant, rotation multi-angle<\/strong>.<\/li>\n<\/ul>\n","protected":false},"excerpt":{"rendered":"<p>Robinet d&rsquo;eau chaude et froide : m\u00e9langeur d&rsquo;eau chaude et froide, r\u00e9glage de la temp\u00e9rature de l&rsquo;eau. La poign\u00e9e de<\/p>\n","protected":false},"featured_media":16198,"comment_status":"open","ping_status":"closed","template":"","meta":{"_themeisle_gutenberg_block_has_review":false,"_joinchat":[]},"product_cat":[563],"product_tag":[],"_links":{"self":[{"href":"https:\/\/marouti.ma\/index.php\/wp-json\/wp\/v2\/product\/16195"}],"collection":[{"href":"https:\/\/marouti.ma\/index.php\/wp-json\/wp\/v2\/product"}],"about":[{"href":"https:\/\/marouti.ma\/index.php\/wp-json\/wp\/v2\/types\/product"}],"replies":[{"embeddable":true,"href":"https:\/\/marouti.ma\/index.php\/wp-json\/wp\/v2\/comments?post=16195"}],"version-history":[{"count":2,"href":"https:\/\/marouti.ma\/index.php\/wp-json\/wp\/v2\/product\/16195\/revisions"}],"predecessor-version":[{"id":16200,"href":"https:\/\/marouti.ma\/index.php\/wp-json\/wp\/v2\/product\/16195\/revisions\/16200"}],"wp:featuredmedia":[{"embeddable":true,"href":"https:\/\/marouti.ma\/index.php\/wp-json\/wp\/v2\/media\/16198"}],"wp:attachment":[{"href":"https:\/\/marouti.ma\/index.php\/wp-json\/wp\/v2\/media?parent=16195"}],"wp:term":[{"taxonomy":"product_cat","embeddable":true,"href":"https:\/\/marouti.ma\/index.php\/wp-json\/wp\/v2\/product_cat?post=16195"},{"taxonomy":"product_tag","embeddable":true,"href":"https:\/\/marouti.ma\/index.php\/wp-json\/wp\/v2\/product_tag?post=16195"}],"curies":[{"name":"wp","href":"https:\/\/api.w.org\/{rel}","templated":true}]}}