{"id":16187,"date":"2024-02-09T16:48:12","date_gmt":"2024-02-09T16:48:12","guid":{"rendered":"https:\/\/marouti.ma\/?post_type=product&#038;p=16187"},"modified":"2024-02-09T16:52:09","modified_gmt":"2024-02-09T16:52:09","slug":"robinet-de-cuisine-rotatif-a-360-a-led-double-arrosoir-noir-pour-eau-chaude-et-froide","status":"publish","type":"product","link":"https:\/\/marouti.ma\/index.php\/product\/robinet-de-cuisine-rotatif-a-360-a-led-double-arrosoir-noir-pour-eau-chaude-et-froide\/","title":{"rendered":"Robinet de cuisine rotatif \u00e0 360 \u00b0 \u00e0 LED &#8211; Double arrosoir &#8211; Noir &#8211; Pour eau chaude et froide"},"content":{"rendered":"<ul>\n<li><strong>Mat\u00e9riaux de qualit\u00e9 sup\u00e9rieure:<\/strong> Ce produit assure une eau saine au quotidien. Fabriqu\u00e9 \u00e0 partir de mat\u00e9riaux de haute qualit\u00e9.\u00a0 Ce robinet peut \u00eatre ouvert et ferm\u00e9 plus de 1 000 000 de fois, offrant une dur\u00e9e de vie pouvant aller jusqu&rsquo;\u00e0 50 ans.<\/li>\n<li><strong>Installation ais\u00e9e:<\/strong> Tous les \u00e9l\u00e9ments n\u00e9cessaires sont inclus dans le colis, permettant une installation simple avec une cl\u00e9. Aucun besoin de faire appel \u00e0 un plombier, ce qui vous fait \u00e9conomiser du temps et de l&rsquo;argent. Vous pouvez terminer l&rsquo;installation vous-m\u00eame en moins de 30 minutes.<\/li>\n<li><strong>Entretien pratique:<\/strong> Sa surface lisse repousse la salet\u00e9 et les taches d&rsquo;eau. Un simple coup de chiffon suffit pour le maintenir propre et impeccable.<\/li>\n<li><strong>Polyvalence d&rsquo;utilisation: <\/strong>Adapt\u00e9 aux syst\u00e8mes de pression basse et haute, ce robinet est parfaitement adapt\u00e9 pour une utilisation dans les cuisines familiales, les centres commerciaux et d&rsquo;autres espaces commerciaux.<\/li>\n<\/ul>\n","protected":false},"excerpt":{"rendered":"<p>Mat\u00e9riaux de qualit\u00e9 sup\u00e9rieure: Ce produit assure une eau saine au quotidien. Fabriqu\u00e9 \u00e0 partir de mat\u00e9riaux de haute qualit\u00e9.\u00a0<\/p>\n","protected":false},"featured_media":16188,"comment_status":"open","ping_status":"closed","template":"","meta":{"_themeisle_gutenberg_block_has_review":false,"_joinchat":[]},"product_cat":[563],"product_tag":[],"_links":{"self":[{"href":"https:\/\/marouti.ma\/index.php\/wp-json\/wp\/v2\/product\/16187"}],"collection":[{"href":"https:\/\/marouti.ma\/index.php\/wp-json\/wp\/v2\/product"}],"about":[{"href":"https:\/\/marouti.ma\/index.php\/wp-json\/wp\/v2\/types\/product"}],"replies":[{"embeddable":true,"href":"https:\/\/marouti.ma\/index.php\/wp-json\/wp\/v2\/comments?post=16187"}],"version-history":[{"count":1,"href":"https:\/\/marouti.ma\/index.php\/wp-json\/wp\/v2\/product\/16187\/revisions"}],"predecessor-version":[{"id":16194,"href":"https:\/\/marouti.ma\/index.php\/wp-json\/wp\/v2\/product\/16187\/revisions\/16194"}],"wp:featuredmedia":[{"embeddable":true,"href":"https:\/\/marouti.ma\/index.php\/wp-json\/wp\/v2\/media\/16188"}],"wp:attachment":[{"href":"https:\/\/marouti.ma\/index.php\/wp-json\/wp\/v2\/media?parent=16187"}],"wp:term":[{"taxonomy":"product_cat","embeddable":true,"href":"https:\/\/marouti.ma\/index.php\/wp-json\/wp\/v2\/product_cat?post=16187"},{"taxonomy":"product_tag","embeddable":true,"href":"https:\/\/marouti.ma\/index.php\/wp-json\/wp\/v2\/product_tag?post=16187"}],"curies":[{"name":"wp","href":"https:\/\/api.w.org\/{rel}","templated":true}]}}