{"id":16175,"date":"2024-02-09T12:04:04","date_gmt":"2024-02-09T12:04:04","guid":{"rendered":"https:\/\/marouti.ma\/?post_type=product&#038;p=16175"},"modified":"2024-02-09T12:04:04","modified_gmt":"2024-02-09T12:04:04","slug":"brosse-wc-inox-noir","status":"publish","type":"product","link":"https:\/\/marouti.ma\/index.php\/product\/brosse-wc-inox-noir\/","title":{"rendered":"Brosse WC Inox Noir"},"content":{"rendered":"<ul>\n<li>Fabriqu\u00e9 en acier inoxydable robuste pour une utilisation quotidienne<\/li>\n<li>Contribue \u00e0 maintenir votre salle de bains propre et organis\u00e9e<\/li>\n<li>Instructions d&rsquo;entretien : Nettoyer avec un chiffon doux humide ; ne pas utiliser de nettoyants abrasifs<\/li>\n<\/ul>\n","protected":false},"excerpt":{"rendered":"<p>Fabriqu\u00e9 en acier inoxydable robuste pour une utilisation quotidienne Contribue \u00e0 maintenir votre salle de bains propre et organis\u00e9e Instructions<\/p>\n","protected":false},"featured_media":16179,"comment_status":"open","ping_status":"closed","template":"","meta":{"_themeisle_gutenberg_block_has_review":false,"_joinchat":[]},"product_cat":[572],"product_tag":[],"_links":{"self":[{"href":"https:\/\/marouti.ma\/index.php\/wp-json\/wp\/v2\/product\/16175"}],"collection":[{"href":"https:\/\/marouti.ma\/index.php\/wp-json\/wp\/v2\/product"}],"about":[{"href":"https:\/\/marouti.ma\/index.php\/wp-json\/wp\/v2\/types\/product"}],"replies":[{"embeddable":true,"href":"https:\/\/marouti.ma\/index.php\/wp-json\/wp\/v2\/comments?post=16175"}],"version-history":[{"count":1,"href":"https:\/\/marouti.ma\/index.php\/wp-json\/wp\/v2\/product\/16175\/revisions"}],"predecessor-version":[{"id":16180,"href":"https:\/\/marouti.ma\/index.php\/wp-json\/wp\/v2\/product\/16175\/revisions\/16180"}],"wp:featuredmedia":[{"embeddable":true,"href":"https:\/\/marouti.ma\/index.php\/wp-json\/wp\/v2\/media\/16179"}],"wp:attachment":[{"href":"https:\/\/marouti.ma\/index.php\/wp-json\/wp\/v2\/media?parent=16175"}],"wp:term":[{"taxonomy":"product_cat","embeddable":true,"href":"https:\/\/marouti.ma\/index.php\/wp-json\/wp\/v2\/product_cat?post=16175"},{"taxonomy":"product_tag","embeddable":true,"href":"https:\/\/marouti.ma\/index.php\/wp-json\/wp\/v2\/product_tag?post=16175"}],"curies":[{"name":"wp","href":"https:\/\/api.w.org\/{rel}","templated":true}]}}