{"id":16164,"date":"2024-02-09T11:12:17","date_gmt":"2024-02-09T11:12:17","guid":{"rendered":"https:\/\/marouti.ma\/?post_type=product&#038;p=16164"},"modified":"2024-12-24T09:34:55","modified_gmt":"2024-12-24T09:34:55","slug":"brosse-de-toilette-inox","status":"publish","type":"product","link":"https:\/\/marouti.ma\/index.php\/product\/brosse-de-toilette-inox\/","title":{"rendered":"Brosse de Toilette Inox"},"content":{"rendered":"<ul>\n<li data-sourcepos=\"5:1-5:179\"><strong>Brosse:<\/strong> La brosse est fix\u00e9e \u00e0 un manche cylindrique. Les poils de la brosse sont g\u00e9n\u00e9ralement en plastique dur ou en nylon, con\u00e7us pour nettoyer efficacement les toilettes.<\/li>\n<li data-sourcepos=\"6:1-7:0\"><strong>Support:<\/strong> Le support est un r\u00e9cipient dans lequel la brosse est rang\u00e9e lorsqu&rsquo;elle n&rsquo;est pas utilis\u00e9e. Dans ce cas pr\u00e9cis, le support est de forme rectangulaire et semble \u00eatre fabriqu\u00e9 en acier inoxydable.<\/li>\n<li data-sourcepos=\"6:1-7:0\">Il a une base plate pour une bonne stabilit\u00e9 et un couvercle pour une hygi\u00e8ne optimale.<\/li>\n<li>Brosse de Toilette et support Inox.<\/li>\n<\/ul>\n","protected":false},"excerpt":{"rendered":"<p>Brosse: La brosse est fix\u00e9e \u00e0 un manche cylindrique. Les poils de la brosse sont g\u00e9n\u00e9ralement en plastique dur ou<\/p>\n","protected":false},"featured_media":16166,"comment_status":"open","ping_status":"closed","template":"","meta":{"_themeisle_gutenberg_block_has_review":false,"_joinchat":[]},"product_cat":[572],"product_tag":[],"_links":{"self":[{"href":"https:\/\/marouti.ma\/index.php\/wp-json\/wp\/v2\/product\/16164"}],"collection":[{"href":"https:\/\/marouti.ma\/index.php\/wp-json\/wp\/v2\/product"}],"about":[{"href":"https:\/\/marouti.ma\/index.php\/wp-json\/wp\/v2\/types\/product"}],"replies":[{"embeddable":true,"href":"https:\/\/marouti.ma\/index.php\/wp-json\/wp\/v2\/comments?post=16164"}],"version-history":[{"count":3,"href":"https:\/\/marouti.ma\/index.php\/wp-json\/wp\/v2\/product\/16164\/revisions"}],"predecessor-version":[{"id":17800,"href":"https:\/\/marouti.ma\/index.php\/wp-json\/wp\/v2\/product\/16164\/revisions\/17800"}],"wp:featuredmedia":[{"embeddable":true,"href":"https:\/\/marouti.ma\/index.php\/wp-json\/wp\/v2\/media\/16166"}],"wp:attachment":[{"href":"https:\/\/marouti.ma\/index.php\/wp-json\/wp\/v2\/media?parent=16164"}],"wp:term":[{"taxonomy":"product_cat","embeddable":true,"href":"https:\/\/marouti.ma\/index.php\/wp-json\/wp\/v2\/product_cat?post=16164"},{"taxonomy":"product_tag","embeddable":true,"href":"https:\/\/marouti.ma\/index.php\/wp-json\/wp\/v2\/product_tag?post=16164"}],"curies":[{"name":"wp","href":"https:\/\/api.w.org\/{rel}","templated":true}]}}