{"id":16087,"date":"2024-02-08T17:33:38","date_gmt":"2024-02-08T17:33:38","guid":{"rendered":"https:\/\/marouti.ma\/?post_type=product&#038;p=16087"},"modified":"2024-02-08T17:35:18","modified_gmt":"2024-02-08T17:35:18","slug":"miroir-led-vertical-demi-lune","status":"publish","type":"product","link":"https:\/\/marouti.ma\/index.php\/product\/miroir-led-vertical-demi-lune\/","title":{"rendered":"Miroir Led vertical demi-lune"},"content":{"rendered":"<ul>\n<li>\n<p id=\"title\" class=\"a-size-large a-spacing-none\"><span id=\"productTitle\" class=\"a-size-large product-title-word-break\">Miroir mural LED demi-lune, miroir de courtoisie \u00e9clair\u00e9 \u00e0 intensit\u00e9 variable, miroir de salle de bain r\u00e9tro-\u00e9clair\u00e9, incassable\/antid\u00e9flagrant<\/span><\/p>\n<\/li>\n<li>\n<p id=\"title\" class=\"a-size-large a-spacing-none\"><span id=\"productTitle\" class=\"a-size-large product-title-word-break\"><\/span>Miroir r\u00e9tro\u00e9clair\u00e9 avec lampe LED \u00e0 \u00e9conomie d&rsquo;\u00e9nergie, antibu\u00e9e, imperm\u00e9able, barre lumineuse \u00e0 haute luminosit\u00e9 et couleur uniforme.<\/p>\n<\/li>\n<li>Design semi-circulaire pour le miroir de salle de bain avec courbes douces, lignes claires, bords lisses, stable et robuste.<\/li>\n<li>Compos\u00e9 de miroir argent\u00e9 \u00e9cologique de 5 mm, cadre arri\u00e8re en alliage d&rsquo;aluminium, barre lumineuse LED de haute qualit\u00e9, \u00e9tanche et durable.<\/li>\n<li>Miroir de courtoisie \u00e0 LED offrant une haute d\u00e9finition, anti-oxydation, polissage parfait de l&rsquo;image pour illuminer la beaut\u00e9.<\/li>\n<li>Miroir argent\u00e9 haute d\u00e9finition antid\u00e9flagrant, r\u00e9sistant aux \u00e9claboussures, adapt\u00e9 \u00e0 toutes les occasions avec une apparence simple et \u00e9l\u00e9gante.<\/li>\n<li>Emballage s\u00fbr et s\u00e9curis\u00e9 avec de la mousse de polystyr\u00e8ne pour une protection compl\u00e8te contre les chutes.<\/li>\n<li>Large application : id\u00e9al pour la d\u00e9coration murale avec cadre en m\u00e9tal nickel bross\u00e9, adapt\u00e9 \u00e0 divers espaces tels que la salle de bain, la vanit\u00e9, la chambre, etc.<\/li>\n<\/ul>\n","protected":false},"excerpt":{"rendered":"<p>Miroir mural LED demi-lune, miroir de courtoisie \u00e9clair\u00e9 \u00e0 intensit\u00e9 variable, miroir de salle de bain r\u00e9tro-\u00e9clair\u00e9, incassable\/antid\u00e9flagrant Miroir r\u00e9tro\u00e9clair\u00e9<\/p>\n","protected":false},"featured_media":16091,"comment_status":"open","ping_status":"closed","template":"","meta":{"_themeisle_gutenberg_block_has_review":false,"_joinchat":[]},"product_cat":[573],"product_tag":[],"_links":{"self":[{"href":"https:\/\/marouti.ma\/index.php\/wp-json\/wp\/v2\/product\/16087"}],"collection":[{"href":"https:\/\/marouti.ma\/index.php\/wp-json\/wp\/v2\/product"}],"about":[{"href":"https:\/\/marouti.ma\/index.php\/wp-json\/wp\/v2\/types\/product"}],"replies":[{"embeddable":true,"href":"https:\/\/marouti.ma\/index.php\/wp-json\/wp\/v2\/comments?post=16087"}],"version-history":[{"count":1,"href":"https:\/\/marouti.ma\/index.php\/wp-json\/wp\/v2\/product\/16087\/revisions"}],"predecessor-version":[{"id":16092,"href":"https:\/\/marouti.ma\/index.php\/wp-json\/wp\/v2\/product\/16087\/revisions\/16092"}],"wp:featuredmedia":[{"embeddable":true,"href":"https:\/\/marouti.ma\/index.php\/wp-json\/wp\/v2\/media\/16091"}],"wp:attachment":[{"href":"https:\/\/marouti.ma\/index.php\/wp-json\/wp\/v2\/media?parent=16087"}],"wp:term":[{"taxonomy":"product_cat","embeddable":true,"href":"https:\/\/marouti.ma\/index.php\/wp-json\/wp\/v2\/product_cat?post=16087"},{"taxonomy":"product_tag","embeddable":true,"href":"https:\/\/marouti.ma\/index.php\/wp-json\/wp\/v2\/product_tag?post=16087"}],"curies":[{"name":"wp","href":"https:\/\/api.w.org\/{rel}","templated":true}]}}