{"id":15998,"date":"2024-02-07T12:01:36","date_gmt":"2024-02-07T12:01:36","guid":{"rendered":"https:\/\/marouti.ma\/?post_type=product&#038;p=15998"},"modified":"2024-02-09T17:17:20","modified_gmt":"2024-02-09T17:17:20","slug":"robinet-de-lavabo-chrome-rotatif-a-360","status":"publish","type":"product","link":"https:\/\/marouti.ma\/index.php\/product\/robinet-de-lavabo-chrome-rotatif-a-360\/","title":{"rendered":"Robinet chrome de Lavabo  Rotatif \u00e0 360 \u00b0"},"content":{"rendered":"<ul>\n<li><span id=\"productTitle\" class=\"a-size-large product-title-word-break\">Robinet de Lavabo chrom\u00e9 Rotatif \u00e0 360 \u00b0 Robinet de Lavabo de Salle de Bain Robinet de Lavabo Robinet de Navire pour la Maison.<\/span><\/li>\n<li id=\"title\" class=\"a-size-large a-spacing-none\"><span id=\"productTitle\" class=\"a-size-large product-title-word-break\">Rotation du nez d&rsquo;\u00e9l\u00e9phant chaud et froid<\/span><\/li>\n<li>Rotation \u00e0 360 degr\u00e9s : Cette caract\u00e9ristique permet une rotation horizontale et verticale compl\u00e8te, offrant un confort optimal pour le lavage du visage, le rin\u00e7age de la bouche et facilitant le nettoyage du lavabo.<\/li>\n<li>Conception \u00e0 ouverture unique avec une cl\u00e9 unique : Ce robinet offre non seulement un contr\u00f4le de vanne, mais \u00e9galement un acc\u00e8s facile \u00e0 l&rsquo;eau chaude et froide.<\/li>\n<\/ul>\n<p>&nbsp;<\/p>\n","protected":false},"excerpt":{"rendered":"<p>Robinet de Lavabo chrom\u00e9 Rotatif \u00e0 360 \u00b0 Robinet de Lavabo de Salle de Bain Robinet de Lavabo Robinet de<\/p>\n","protected":false},"featured_media":15999,"comment_status":"open","ping_status":"closed","template":"","meta":{"_themeisle_gutenberg_block_has_review":false,"_joinchat":[]},"product_cat":[563],"product_tag":[],"_links":{"self":[{"href":"https:\/\/marouti.ma\/index.php\/wp-json\/wp\/v2\/product\/15998"}],"collection":[{"href":"https:\/\/marouti.ma\/index.php\/wp-json\/wp\/v2\/product"}],"about":[{"href":"https:\/\/marouti.ma\/index.php\/wp-json\/wp\/v2\/types\/product"}],"replies":[{"embeddable":true,"href":"https:\/\/marouti.ma\/index.php\/wp-json\/wp\/v2\/comments?post=15998"}],"version-history":[{"count":3,"href":"https:\/\/marouti.ma\/index.php\/wp-json\/wp\/v2\/product\/15998\/revisions"}],"predecessor-version":[{"id":16202,"href":"https:\/\/marouti.ma\/index.php\/wp-json\/wp\/v2\/product\/15998\/revisions\/16202"}],"wp:featuredmedia":[{"embeddable":true,"href":"https:\/\/marouti.ma\/index.php\/wp-json\/wp\/v2\/media\/15999"}],"wp:attachment":[{"href":"https:\/\/marouti.ma\/index.php\/wp-json\/wp\/v2\/media?parent=15998"}],"wp:term":[{"taxonomy":"product_cat","embeddable":true,"href":"https:\/\/marouti.ma\/index.php\/wp-json\/wp\/v2\/product_cat?post=15998"},{"taxonomy":"product_tag","embeddable":true,"href":"https:\/\/marouti.ma\/index.php\/wp-json\/wp\/v2\/product_tag?post=15998"}],"curies":[{"name":"wp","href":"https:\/\/api.w.org\/{rel}","templated":true}]}}