{"id":15967,"date":"2024-02-06T17:29:15","date_gmt":"2024-02-06T17:29:15","guid":{"rendered":"https:\/\/marouti.ma\/?post_type=product&#038;p=15967"},"modified":"2024-02-08T10:23:35","modified_gmt":"2024-02-08T10:23:35","slug":"etageres-dangle-murales-noir-en-verre-a-2-niveaux","status":"publish","type":"product","link":"https:\/\/marouti.ma\/index.php\/product\/etageres-dangle-murales-noir-en-verre-a-2-niveaux\/","title":{"rendered":"\u00c9tag\u00e8res coin murales noir en verre \u00e0 2 niveaux"},"content":{"rendered":"<ul>\n<li class=\"tw-data-text tw-text-large tw-ta\" dir=\"ltr\" data-placeholder=\"Traduction\" data-ved=\"2ahUKEwiNuNrinJeEAxV0TaQEHUu3B-4Q3ewLegQIBRAU\"><span class=\"Y2IQFc\" lang=\"fr\">\u00c9tag\u00e8res d&rsquo;angle murales noir Aluminium double, rangement en verre tremp\u00e9 en aluminium, \u00e9tag\u00e8re de douche \u00e0 2 niveaux.<\/span><\/li>\n<li id=\"tw-target-text\" class=\"tw-data-text tw-text-large tw-ta\" dir=\"ltr\" data-placeholder=\"Traduction\" data-ved=\"2ahUKEwiNuNrinJeEAxV0TaQEHUu3B-4Q3ewLegQIBRAU\"><strong>Mat\u00e9riaux de qualit\u00e9<\/strong> : L&rsquo;\u00e9tag\u00e8re d&rsquo;angle est fabriqu\u00e9e en aluminium de haute qualit\u00e9 et en verre tremp\u00e9.<\/li>\n<li dir=\"ltr\" data-placeholder=\"Traduction\" data-ved=\"2ahUKEwiNuNrinJeEAxV0TaQEHUu3B-4Q3ewLegQIBRAU\"><strong>Espace de stockage suppl\u00e9mentaire<\/strong> : Elle offre beaucoup plus d&rsquo;espace pour ranger divers articles de salle de bain tels que les cosm\u00e9tiques, le shampooing, le gel douche, le nettoyant facial, etc<\/li>\n<li dir=\"ltr\" data-placeholder=\"Traduction\" data-ved=\"2ahUKEwiNuNrinJeEAxV0TaQEHUu3B-4Q3ewLegQIBRAU\"><strong>Polyvalence<\/strong> : L&rsquo;\u00e9tag\u00e8re flottante peut \u00eatre utilis\u00e9e dans divers espaces tels que la salle de bain, les toilettes, la cuisine, le salon, la chambre \u00e0 coucher, le bureau, le jardin, etc.<\/li>\n<li dir=\"ltr\" data-placeholder=\"Traduction\" data-ved=\"2ahUKEwiNuNrinJeEAxV0TaQEHUu3B-4Q3ewLegQIBRAU\"><strong>Installation facile :<\/strong> Le panier de douche est facile \u00e0 installer gr\u00e2ce au kit de fixation inclus. Une fois mont\u00e9, il reste stable et s\u00e9curis\u00e9.<\/li>\n<\/ul>\n","protected":false},"excerpt":{"rendered":"<p>\u00c9tag\u00e8res d&rsquo;angle murales noir Aluminium double, rangement en verre tremp\u00e9 en aluminium, \u00e9tag\u00e8re de douche \u00e0 2 niveaux. Mat\u00e9riaux de<\/p>\n","protected":false},"featured_media":15968,"comment_status":"open","ping_status":"closed","template":"","meta":{"_themeisle_gutenberg_block_has_review":false,"_joinchat":[]},"product_cat":[571],"product_tag":[],"_links":{"self":[{"href":"https:\/\/marouti.ma\/index.php\/wp-json\/wp\/v2\/product\/15967"}],"collection":[{"href":"https:\/\/marouti.ma\/index.php\/wp-json\/wp\/v2\/product"}],"about":[{"href":"https:\/\/marouti.ma\/index.php\/wp-json\/wp\/v2\/types\/product"}],"replies":[{"embeddable":true,"href":"https:\/\/marouti.ma\/index.php\/wp-json\/wp\/v2\/comments?post=15967"}],"version-history":[{"count":4,"href":"https:\/\/marouti.ma\/index.php\/wp-json\/wp\/v2\/product\/15967\/revisions"}],"predecessor-version":[{"id":16038,"href":"https:\/\/marouti.ma\/index.php\/wp-json\/wp\/v2\/product\/15967\/revisions\/16038"}],"wp:featuredmedia":[{"embeddable":true,"href":"https:\/\/marouti.ma\/index.php\/wp-json\/wp\/v2\/media\/15968"}],"wp:attachment":[{"href":"https:\/\/marouti.ma\/index.php\/wp-json\/wp\/v2\/media?parent=15967"}],"wp:term":[{"taxonomy":"product_cat","embeddable":true,"href":"https:\/\/marouti.ma\/index.php\/wp-json\/wp\/v2\/product_cat?post=15967"},{"taxonomy":"product_tag","embeddable":true,"href":"https:\/\/marouti.ma\/index.php\/wp-json\/wp\/v2\/product_tag?post=15967"}],"curies":[{"name":"wp","href":"https:\/\/api.w.org\/{rel}","templated":true}]}}