{"id":15952,"date":"2024-02-06T16:23:29","date_gmt":"2024-02-06T16:23:29","guid":{"rendered":"https:\/\/marouti.ma\/?post_type=product&#038;p=15952"},"modified":"2024-02-08T11:00:45","modified_gmt":"2024-02-08T11:00:45","slug":"etagere-de-salle-de-bain-a-deux-etages-noir","status":"publish","type":"product","link":"https:\/\/marouti.ma\/index.php\/product\/etagere-de-salle-de-bain-a-deux-etages-noir\/","title":{"rendered":"\u00c9tag\u00e8re de Salle de Bain \u00e0 2 \u00e9tages avec Barre en Aluminium Noir\u00a0"},"content":{"rendered":"<ul>\n<li id=\"title\" class=\"a-size-large a-spacing-none\"><span id=\"productTitle\" class=\"a-size-large product-title-word-break\">\u00c9tag\u00e8re de Salle de Bain \u00e0 2 \u00e9tages avec Barre en Aluminium Noir <span class=\"a-size-large product-title-word-break\">rectangulaire <\/span> pour Un Style Moderne.\u00a0<\/span><\/li>\n<li>Taille: 40cm<\/li>\n<li>Contenu : 1 \u00e9tag\u00e8re en verre tremp\u00e9 avec barre en aluminium \u00e0 deux \u00e9tag\u00e8res, 1 paquet de vis et accessoires de fixation, instructions d&rsquo;installation (fran\u00e7ais non inclus).<\/li>\n<li>\u00c9conomie d&rsquo;espace : Deux \u00e9tag\u00e8res offrent un espace de stockage pour divers objets, adapt\u00e9es \u00e0 diff\u00e9rents environnements tels que la cuisine, le salon, ou les terrasses.<\/li>\n<li>Support en aluminium anodis\u00e9 antirouille : Convient \u00e0 une utilisation dans des environnements humides comme la salle de bain ou la douche, \u00e9vitant la corrosion.<\/li>\n<\/ul>\n","protected":false},"excerpt":{"rendered":"<p>\u00c9tag\u00e8re de Salle de Bain \u00e0 2 \u00e9tages avec Barre en Aluminium Noir rectangulaire pour Un Style Moderne.\u00a0 Taille: 40cm<\/p>\n","protected":false},"featured_media":15954,"comment_status":"open","ping_status":"closed","template":"","meta":{"_themeisle_gutenberg_block_has_review":false,"_joinchat":[]},"product_cat":[571],"product_tag":[],"_links":{"self":[{"href":"https:\/\/marouti.ma\/index.php\/wp-json\/wp\/v2\/product\/15952"}],"collection":[{"href":"https:\/\/marouti.ma\/index.php\/wp-json\/wp\/v2\/product"}],"about":[{"href":"https:\/\/marouti.ma\/index.php\/wp-json\/wp\/v2\/types\/product"}],"replies":[{"embeddable":true,"href":"https:\/\/marouti.ma\/index.php\/wp-json\/wp\/v2\/comments?post=15952"}],"version-history":[{"count":5,"href":"https:\/\/marouti.ma\/index.php\/wp-json\/wp\/v2\/product\/15952\/revisions"}],"predecessor-version":[{"id":16044,"href":"https:\/\/marouti.ma\/index.php\/wp-json\/wp\/v2\/product\/15952\/revisions\/16044"}],"wp:featuredmedia":[{"embeddable":true,"href":"https:\/\/marouti.ma\/index.php\/wp-json\/wp\/v2\/media\/15954"}],"wp:attachment":[{"href":"https:\/\/marouti.ma\/index.php\/wp-json\/wp\/v2\/media?parent=15952"}],"wp:term":[{"taxonomy":"product_cat","embeddable":true,"href":"https:\/\/marouti.ma\/index.php\/wp-json\/wp\/v2\/product_cat?post=15952"},{"taxonomy":"product_tag","embeddable":true,"href":"https:\/\/marouti.ma\/index.php\/wp-json\/wp\/v2\/product_tag?post=15952"}],"curies":[{"name":"wp","href":"https:\/\/api.w.org\/{rel}","templated":true}]}}