{"id":15946,"date":"2024-02-06T16:18:24","date_gmt":"2024-02-06T16:18:24","guid":{"rendered":"https:\/\/marouti.ma\/?post_type=product&#038;p=15946"},"modified":"2024-02-08T11:04:54","modified_gmt":"2024-02-08T11:04:54","slug":"etagere-de-salle-de-bain-en-verre-noire-50cm","status":"publish","type":"product","link":"https:\/\/marouti.ma\/index.php\/product\/etagere-de-salle-de-bain-en-verre-noire-50cm\/","title":{"rendered":"\u00c9tag\u00e8re de salle de bain rectangulaire en verre avec support mural en aluminium, noir, 50 cm."},"content":{"rendered":"<ul>\n<li class=\"product_title entry-title wd-entities-title\">\u00c9tag\u00e8re murale de couleur noire \u00e0 simple couche 50cm , id\u00e9ale pour le rangement dans la salle de bain, le salon, la cuisine ou le bureau.<\/li>\n<li>Construction en aluminium robuste pour une durabilit\u00e9 et une fiabilit\u00e9 accrues.<\/li>\n<li>Id\u00e9al pour une utilisation dans les chambres \u00e0 coucher, les salles de bains et les placards.<\/li>\n<li>Finition polie avec vis cach\u00e9es pour un aspect esth\u00e9tique propre.<\/li>\n<li>Quincaillerie incluse pour une installation pratique.<\/li>\n<\/ul>\n","protected":false},"excerpt":{"rendered":"<p>\u00c9tag\u00e8re murale de couleur noire \u00e0 simple couche 50cm , id\u00e9ale pour le rangement dans la salle de bain, le<\/p>\n","protected":false},"featured_media":15947,"comment_status":"open","ping_status":"closed","template":"","meta":{"_themeisle_gutenberg_block_has_review":false,"_joinchat":[]},"product_cat":[571],"product_tag":[],"_links":{"self":[{"href":"https:\/\/marouti.ma\/index.php\/wp-json\/wp\/v2\/product\/15946"}],"collection":[{"href":"https:\/\/marouti.ma\/index.php\/wp-json\/wp\/v2\/product"}],"about":[{"href":"https:\/\/marouti.ma\/index.php\/wp-json\/wp\/v2\/types\/product"}],"replies":[{"embeddable":true,"href":"https:\/\/marouti.ma\/index.php\/wp-json\/wp\/v2\/comments?post=15946"}],"version-history":[{"count":3,"href":"https:\/\/marouti.ma\/index.php\/wp-json\/wp\/v2\/product\/15946\/revisions"}],"predecessor-version":[{"id":16047,"href":"https:\/\/marouti.ma\/index.php\/wp-json\/wp\/v2\/product\/15946\/revisions\/16047"}],"wp:featuredmedia":[{"embeddable":true,"href":"https:\/\/marouti.ma\/index.php\/wp-json\/wp\/v2\/media\/15947"}],"wp:attachment":[{"href":"https:\/\/marouti.ma\/index.php\/wp-json\/wp\/v2\/media?parent=15946"}],"wp:term":[{"taxonomy":"product_cat","embeddable":true,"href":"https:\/\/marouti.ma\/index.php\/wp-json\/wp\/v2\/product_cat?post=15946"},{"taxonomy":"product_tag","embeddable":true,"href":"https:\/\/marouti.ma\/index.php\/wp-json\/wp\/v2\/product_tag?post=15946"}],"curies":[{"name":"wp","href":"https:\/\/api.w.org\/{rel}","templated":true}]}}