{"id":15938,"date":"2024-02-06T14:37:33","date_gmt":"2024-02-06T14:37:33","guid":{"rendered":"https:\/\/marouti.ma\/?post_type=product&#038;p=15938"},"modified":"2025-04-22T12:00:40","modified_gmt":"2025-04-22T12:00:40","slug":"etagere-de-salle-de-bain-en-verre-40cm","status":"publish","type":"product","link":"https:\/\/marouti.ma\/index.php\/product\/etagere-de-salle-de-bain-en-verre-40cm\/","title":{"rendered":"\u00c9tag\u00e8re de salle de bain en verre 40cm"},"content":{"rendered":"<ul>\n<li>\u00c9tag\u00e8re murale de couleur noire \u00e0 simple couche 40cm , id\u00e9ale pour le rangement dans la salle de bain, le salon, la cuisine ou le bureau.<\/li>\n<li>Robuste : Fabriqu\u00e9 en aluminium solide, sans plastique, pour une qualit\u00e9 et une durabilit\u00e9 garanties.<\/li>\n<li>Rangez le shampoing, le savon et d&rsquo;autres articles de bain \u00e0 port\u00e9e de main avec cette \u00e9tag\u00e8re d&rsquo;angle en verre pour douche.<\/li>\n<li>Esth\u00e9tique : Design moderne avec vis dissimul\u00e9es.<\/li>\n<li>Gain d&rsquo;espace : \u00c9conomisez de l&rsquo;espace sur le comptoir et maintenez la salle de bain bien rang\u00e9e.<\/li>\n<\/ul>\n","protected":false},"excerpt":{"rendered":"<p>\u00c9tag\u00e8re murale de couleur noire \u00e0 simple couche 40cm , id\u00e9ale pour le rangement dans la salle de bain, le<\/p>\n","protected":false},"featured_media":15939,"comment_status":"open","ping_status":"closed","template":"","meta":{"_themeisle_gutenberg_block_has_review":false,"_joinchat":[]},"product_cat":[571],"product_tag":[],"_links":{"self":[{"href":"https:\/\/marouti.ma\/index.php\/wp-json\/wp\/v2\/product\/15938"}],"collection":[{"href":"https:\/\/marouti.ma\/index.php\/wp-json\/wp\/v2\/product"}],"about":[{"href":"https:\/\/marouti.ma\/index.php\/wp-json\/wp\/v2\/types\/product"}],"replies":[{"embeddable":true,"href":"https:\/\/marouti.ma\/index.php\/wp-json\/wp\/v2\/comments?post=15938"}],"version-history":[{"count":3,"href":"https:\/\/marouti.ma\/index.php\/wp-json\/wp\/v2\/product\/15938\/revisions"}],"predecessor-version":[{"id":16048,"href":"https:\/\/marouti.ma\/index.php\/wp-json\/wp\/v2\/product\/15938\/revisions\/16048"}],"wp:featuredmedia":[{"embeddable":true,"href":"https:\/\/marouti.ma\/index.php\/wp-json\/wp\/v2\/media\/15939"}],"wp:attachment":[{"href":"https:\/\/marouti.ma\/index.php\/wp-json\/wp\/v2\/media?parent=15938"}],"wp:term":[{"taxonomy":"product_cat","embeddable":true,"href":"https:\/\/marouti.ma\/index.php\/wp-json\/wp\/v2\/product_cat?post=15938"},{"taxonomy":"product_tag","embeddable":true,"href":"https:\/\/marouti.ma\/index.php\/wp-json\/wp\/v2\/product_tag?post=15938"}],"curies":[{"name":"wp","href":"https:\/\/api.w.org\/{rel}","templated":true}]}}