{"id":15931,"date":"2024-02-06T12:10:51","date_gmt":"2024-02-06T12:10:51","guid":{"rendered":"https:\/\/marouti.ma\/?post_type=product&#038;p=15931"},"modified":"2024-02-08T11:15:23","modified_gmt":"2024-02-08T11:15:23","slug":"etagere-de-salle-de-bain-en-verre-50cm","status":"publish","type":"product","link":"https:\/\/marouti.ma\/index.php\/product\/etagere-de-salle-de-bain-en-verre-50cm\/","title":{"rendered":"\u00c9tag\u00e8re de salle de bain en verre 50cm"},"content":{"rendered":"<p>&nbsp;<\/p>\n<ul>\n<li><strong>Etag\u00e8re Salle de bain en verre<\/strong>, rectangulaire en aluminium pour salle de bain, 1 niveau.<\/li>\n<li id=\"title\" class=\"a-size-large a-spacing-none\"><span id=\"productTitle\" class=\"a-size-large product-title-word-break\">Taille:<strong> 50cm\u00a0<\/strong><\/span><\/li>\n<li><strong>Polyvalence :<\/strong> Convient \u00e0 une large gamme d&rsquo;applications, telles que les cuisines, les \u00e9viers, les salons, les chambres, les balcons, etc.<\/li>\n<li><strong>Robuste et durable :<\/strong> Fabriqu\u00e9e \u00e0 partir de mat\u00e9riaux de haute qualit\u00e9, cette \u00e9tag\u00e8re de salle de bain est robuste, durable, et r\u00e9siste bien \u00e0 l&rsquo;usure.<\/li>\n<li><strong>Installation facile<\/strong> : Livr\u00e9e avec des accessoires d&rsquo;installation complets, elle est facile \u00e0 utiliser et \u00e0 installer, constituant un excellent ajout \u00e0 votre salle de bain.<\/li>\n<li><strong>Capacit\u00e9 de charge \u00e9lev\u00e9e<\/strong> : Gr\u00e2ce \u00e0 une finition soign\u00e9e et \u00e0 un verre \u00e9pais, le cadre de la salle de bain offre une forte capacit\u00e9 de charge et une longue dur\u00e9e de vie.<\/li>\n<li><strong>Grand espace de stockage<\/strong> : Gr\u00e2ce \u00e0 une technologie de production sophistiqu\u00e9e, cette \u00e9tag\u00e8re compacte offre un grand espace de stockage pour les produits cosm\u00e9tiques et autres articles.<\/li>\n<\/ul>\n","protected":false},"excerpt":{"rendered":"<p>&nbsp; Etag\u00e8re Salle de bain en verre, rectangulaire en aluminium pour salle de bain, 1 niveau. Taille: 50cm\u00a0 Polyvalence :<\/p>\n","protected":false},"featured_media":15936,"comment_status":"open","ping_status":"closed","template":"","meta":{"_themeisle_gutenberg_block_has_review":false,"_joinchat":[]},"product_cat":[571],"product_tag":[],"_links":{"self":[{"href":"https:\/\/marouti.ma\/index.php\/wp-json\/wp\/v2\/product\/15931"}],"collection":[{"href":"https:\/\/marouti.ma\/index.php\/wp-json\/wp\/v2\/product"}],"about":[{"href":"https:\/\/marouti.ma\/index.php\/wp-json\/wp\/v2\/types\/product"}],"replies":[{"embeddable":true,"href":"https:\/\/marouti.ma\/index.php\/wp-json\/wp\/v2\/comments?post=15931"}],"version-history":[{"count":3,"href":"https:\/\/marouti.ma\/index.php\/wp-json\/wp\/v2\/product\/15931\/revisions"}],"predecessor-version":[{"id":16051,"href":"https:\/\/marouti.ma\/index.php\/wp-json\/wp\/v2\/product\/15931\/revisions\/16051"}],"wp:featuredmedia":[{"embeddable":true,"href":"https:\/\/marouti.ma\/index.php\/wp-json\/wp\/v2\/media\/15936"}],"wp:attachment":[{"href":"https:\/\/marouti.ma\/index.php\/wp-json\/wp\/v2\/media?parent=15931"}],"wp:term":[{"taxonomy":"product_cat","embeddable":true,"href":"https:\/\/marouti.ma\/index.php\/wp-json\/wp\/v2\/product_cat?post=15931"},{"taxonomy":"product_tag","embeddable":true,"href":"https:\/\/marouti.ma\/index.php\/wp-json\/wp\/v2\/product_tag?post=15931"}],"curies":[{"name":"wp","href":"https:\/\/api.w.org\/{rel}","templated":true}]}}