{"id":15926,"date":"2024-02-06T12:07:08","date_gmt":"2024-02-06T12:07:08","guid":{"rendered":"https:\/\/marouti.ma\/?post_type=product&#038;p=15926"},"modified":"2024-02-08T14:44:22","modified_gmt":"2024-02-08T14:44:22","slug":"etagere-murale-de-salle-de-bain-en-verre","status":"publish","type":"product","link":"https:\/\/marouti.ma\/index.php\/product\/etagere-murale-de-salle-de-bain-en-verre\/","title":{"rendered":"\u00c9tag\u00e8re de Salle de Bain \u00e0 2 \u00e9tages avec Barre en Aluminium Argent rectangulaire"},"content":{"rendered":"<p>2 \u00c9tag\u00e8res murale en verre pour salle de bain, organisateur de shampoing et d&rsquo;accessoires, avec 2 niveaux. Fabriqu\u00e9e en verre tremp\u00e9 et aluminium, cette \u00e9tag\u00e8re offre un espace de rangement \u00e9l\u00e9gant et pratique.<\/p>\n<ul>\n<li id=\"title\" class=\"a-size-large a-spacing-none\"><span class=\"a-size-large product-title-word-break\"><span class=\"a-size-large product-title-word-break\">\u00c9tag\u00e8re de Salle de Bain \u00e0 2 \u00e9tages avec Barre en Aluminium Argent rectangulaire <\/span><\/span><span id=\"productTitle\" class=\"a-size-large product-title-word-break\">pour Un Style Moderne.\u00a0<\/span><\/li>\n<li>Taille: 40cm<\/li>\n<li>Contenu : 1 \u00e9tag\u00e8re en verre tremp\u00e9 avec barre en aluminium \u00e0 deux \u00e9tag\u00e8res, 1 paquet de vis et accessoires de fixation, instructions d&rsquo;installation (fran\u00e7ais non inclus).<\/li>\n<li>\u00c9conomie d&rsquo;espace : Deux \u00e9tag\u00e8res offrent un espace de stockage pour divers objets, adapt\u00e9es \u00e0 diff\u00e9rents environnements tels que la cuisine, le salon, ou les terrasses.<\/li>\n<li>Support en aluminium anodis\u00e9 antirouille : Convient \u00e0 une utilisation dans des environnements humides comme la salle de bain ou la douche, \u00e9vitant la corrosion.<\/li>\n<\/ul>\n","protected":false},"excerpt":{"rendered":"<p>2 \u00c9tag\u00e8res murale en verre pour salle de bain, organisateur de shampoing et d&rsquo;accessoires, avec 2 niveaux. Fabriqu\u00e9e en verre<\/p>\n","protected":false},"featured_media":15927,"comment_status":"open","ping_status":"closed","template":"","meta":{"_themeisle_gutenberg_block_has_review":false,"_joinchat":[]},"product_cat":[571],"product_tag":[],"_links":{"self":[{"href":"https:\/\/marouti.ma\/index.php\/wp-json\/wp\/v2\/product\/15926"}],"collection":[{"href":"https:\/\/marouti.ma\/index.php\/wp-json\/wp\/v2\/product"}],"about":[{"href":"https:\/\/marouti.ma\/index.php\/wp-json\/wp\/v2\/types\/product"}],"replies":[{"embeddable":true,"href":"https:\/\/marouti.ma\/index.php\/wp-json\/wp\/v2\/comments?post=15926"}],"version-history":[{"count":4,"href":"https:\/\/marouti.ma\/index.php\/wp-json\/wp\/v2\/product\/15926\/revisions"}],"predecessor-version":[{"id":16045,"href":"https:\/\/marouti.ma\/index.php\/wp-json\/wp\/v2\/product\/15926\/revisions\/16045"}],"wp:featuredmedia":[{"embeddable":true,"href":"https:\/\/marouti.ma\/index.php\/wp-json\/wp\/v2\/media\/15927"}],"wp:attachment":[{"href":"https:\/\/marouti.ma\/index.php\/wp-json\/wp\/v2\/media?parent=15926"}],"wp:term":[{"taxonomy":"product_cat","embeddable":true,"href":"https:\/\/marouti.ma\/index.php\/wp-json\/wp\/v2\/product_cat?post=15926"},{"taxonomy":"product_tag","embeddable":true,"href":"https:\/\/marouti.ma\/index.php\/wp-json\/wp\/v2\/product_tag?post=15926"}],"curies":[{"name":"wp","href":"https:\/\/api.w.org\/{rel}","templated":true}]}}