{"id":15911,"date":"2024-02-06T11:35:21","date_gmt":"2024-02-06T11:35:21","guid":{"rendered":"https:\/\/marouti.ma\/?post_type=product&#038;p=15911"},"modified":"2024-02-08T11:28:13","modified_gmt":"2024-02-08T11:28:13","slug":"etagere-inox-2","status":"publish","type":"product","link":"https:\/\/marouti.ma\/index.php\/product\/etagere-inox-2\/","title":{"rendered":"Etag\u00e8re rectangulaire en aluminium \u00e0 2 niveaux"},"content":{"rendered":"<ul>\n<li id=\"prod-h1\" class=\"prod-details__name prod__name\">Etag\u00e8re rectangulaire en aluminium \u00e0 2 niveaux.<\/li>\n<li class=\"prod-details__name prod__name\">Ensemble de 2 \u00e9tag\u00e8res de douche murales en acier inoxydable pour shampooing, savon et produits cosm\u00e9tiques, avec 2 niveaux de tablettes.<\/li>\n<li>Porte-douche mural : Un excellent accessoire pour la salle de bain.<\/li>\n<li><strong>Organisateur de rangement<\/strong> : Peut \u00eatre combin\u00e9 parfaitement avec d&rsquo;autres produits de la s\u00e9rie et assure un look \u00e9l\u00e9gant dans toute la salle de bain.<\/li>\n<li><strong>Support en acier inoxydable<\/strong> : Offre un aspect d\u00e9licat et \u00e9l\u00e9gant avec des accents riches et sombres.<\/li>\n<li><strong>\u00c9tag\u00e8re pour shampooing et savon<\/strong> : Fabriqu\u00e9e en acier inoxydable, garantissant durabilit\u00e9 et fiabilit\u00e9 tout en conservant un attrait esth\u00e9tique.<\/li>\n<li><strong>\u00c9tag\u00e8re<\/strong> : Mat\u00e9riau en acier inoxydable et r\u00e9sistant \u00e0 la rouille garantissant esth\u00e9tique et durabilit\u00e9.<\/li>\n<\/ul>\n","protected":false},"excerpt":{"rendered":"<p>Etag\u00e8re rectangulaire en aluminium \u00e0 2 niveaux. Ensemble de 2 \u00e9tag\u00e8res de douche murales en acier inoxydable pour shampooing, savon<\/p>\n","protected":false},"featured_media":15912,"comment_status":"open","ping_status":"closed","template":"","meta":{"_themeisle_gutenberg_block_has_review":false,"_joinchat":[]},"product_cat":[571],"product_tag":[],"_links":{"self":[{"href":"https:\/\/marouti.ma\/index.php\/wp-json\/wp\/v2\/product\/15911"}],"collection":[{"href":"https:\/\/marouti.ma\/index.php\/wp-json\/wp\/v2\/product"}],"about":[{"href":"https:\/\/marouti.ma\/index.php\/wp-json\/wp\/v2\/types\/product"}],"replies":[{"embeddable":true,"href":"https:\/\/marouti.ma\/index.php\/wp-json\/wp\/v2\/comments?post=15911"}],"version-history":[{"count":6,"href":"https:\/\/marouti.ma\/index.php\/wp-json\/wp\/v2\/product\/15911\/revisions"}],"predecessor-version":[{"id":16053,"href":"https:\/\/marouti.ma\/index.php\/wp-json\/wp\/v2\/product\/15911\/revisions\/16053"}],"wp:featuredmedia":[{"embeddable":true,"href":"https:\/\/marouti.ma\/index.php\/wp-json\/wp\/v2\/media\/15912"}],"wp:attachment":[{"href":"https:\/\/marouti.ma\/index.php\/wp-json\/wp\/v2\/media?parent=15911"}],"wp:term":[{"taxonomy":"product_cat","embeddable":true,"href":"https:\/\/marouti.ma\/index.php\/wp-json\/wp\/v2\/product_cat?post=15911"},{"taxonomy":"product_tag","embeddable":true,"href":"https:\/\/marouti.ma\/index.php\/wp-json\/wp\/v2\/product_tag?post=15911"}],"curies":[{"name":"wp","href":"https:\/\/api.w.org\/{rel}","templated":true}]}}